{"id":785,"date":"2020-04-02T06:02:06","date_gmt":"2020-04-02T05:02:06","guid":{"rendered":"https:\/\/dhseaworks.nl\/geschichte\/"},"modified":"2020-04-18T10:29:17","modified_gmt":"2020-04-18T09:29:17","slug":"geschichte","status":"publish","type":"page","link":"https:\/\/dhseaworks.com\/de\/geschichte\/","title":{"rendered":"GESCHICHTE"},"content":{"rendered":"\t\t<div data-elementor-type=\"wp-page\" data-elementor-id=\"785\" class=\"elementor elementor-785 elementor-14\" data-elementor-post-type=\"page\">\n\t\t\t\t\t\t<section class=\"elementor-section elementor-top-section elementor-element elementor-element-37f9867 elementor-section-height-min-height elementor-section-items-top elementor-section-boxed elementor-section-height-default\" data-id=\"37f9867\" data-element_type=\"section\" data-e-type=\"section\" data-settings=\"{&quot;background_background&quot;:&quot;classic&quot;}\">\n\t\t\t\t\t\t\t<div class=\"elementor-background-overlay\"><\/div>\n\t\t\t\t\t\t\t<div class=\"elementor-container elementor-column-gap-default\">\n\t\t\t\t\t<div class=\"elementor-column elementor-col-50 elementor-top-column elementor-element elementor-element-076531c\" data-id=\"076531c\" data-element_type=\"column\" data-e-type=\"column\">\n\t\t\t<div class=\"elementor-widget-wrap elementor-element-populated\">\n\t\t\t\t\t\t<div class=\"elementor-element elementor-element-62b48ea elementor-widget elementor-widget-heading\" data-id=\"62b48ea\" data-element_type=\"widget\" data-e-type=\"widget\" data-widget_type=\"heading.default\">\n\t\t\t\t<div class=\"elementor-widget-container\">\n\t\t\t\t\t<h4 class=\"elementor-heading-title elementor-size-default\">DHSEAWORKS<\/h4>\t\t\t\t<\/div>\n\t\t\t\t<\/div>\n\t\t\t\t<div class=\"elementor-element elementor-element-0ae4bed elementor-widget elementor-widget-heading\" data-id=\"0ae4bed\" data-element_type=\"widget\" data-e-type=\"widget\" data-widget_type=\"heading.default\">\n\t\t\t\t<div class=\"elementor-widget-container\">\n\t\t\t\t\t<h2 class=\"elementor-heading-title elementor-size-default\">GESCHICHTE<\/h2>\t\t\t\t<\/div>\n\t\t\t\t<\/div>\n\t\t\t\t\t<\/div>\n\t\t<\/div>\n\t\t\t\t<div class=\"elementor-column elementor-col-50 elementor-top-column elementor-element elementor-element-b5a795b\" data-id=\"b5a795b\" data-element_type=\"column\" data-e-type=\"column\">\n\t\t\t<div class=\"elementor-widget-wrap\">\n\t\t\t\t\t\t\t<\/div>\n\t\t<\/div>\n\t\t\t\t\t<\/div>\n\t\t<\/section>\n\t\t\t\t<section class=\"elementor-section elementor-top-section elementor-element elementor-element-b0a6f6d elementor-section-boxed elementor-section-height-default elementor-section-height-default\" data-id=\"b0a6f6d\" data-element_type=\"section\" data-e-type=\"section\">\n\t\t\t\t\t\t<div class=\"elementor-container elementor-column-gap-default\">\n\t\t\t\t\t<div class=\"elementor-column elementor-col-100 elementor-top-column elementor-element elementor-element-8d17f38\" data-id=\"8d17f38\" data-element_type=\"column\" data-e-type=\"column\">\n\t\t\t<div class=\"elementor-widget-wrap elementor-element-populated\">\n\t\t\t\t\t\t<div class=\"elementor-element elementor-element-43d5a4f elementor-view-default elementor-widget elementor-widget-icon\" data-id=\"43d5a4f\" data-element_type=\"widget\" data-e-type=\"widget\" data-widget_type=\"icon.default\">\n\t\t\t\t<div class=\"elementor-widget-container\">\n\t\t\t\t\t\t\t<div class=\"elementor-icon-wrapper\">\n\t\t\t<div class=\"elementor-icon\">\n\t\t\t<i aria-hidden=\"true\" class=\"fas fa-chevron-down\"><\/i>\t\t\t<\/div>\n\t\t<\/div>\n\t\t\t\t\t\t<\/div>\n\t\t\t\t<\/div>\n\t\t\t\t\t<\/div>\n\t\t<\/div>\n\t\t\t\t\t<\/div>\n\t\t<\/section>\n\t\t\t\t<section class=\"elementor-section elementor-top-section elementor-element elementor-element-fba36b4 elementor-section-boxed elementor-section-height-default elementor-section-height-default\" data-id=\"fba36b4\" data-element_type=\"section\" data-e-type=\"section\">\n\t\t\t\t\t\t<div class=\"elementor-container elementor-column-gap-default\">\n\t\t\t\t\t<div class=\"elementor-column elementor-col-50 elementor-top-column elementor-element elementor-element-b9220f5\" data-id=\"b9220f5\" data-element_type=\"column\" data-e-type=\"column\">\n\t\t\t<div class=\"elementor-widget-wrap elementor-element-populated\">\n\t\t\t\t\t\t<div class=\"elementor-element elementor-element-01f0e48 elementor-widget elementor-widget-heading\" data-id=\"01f0e48\" data-element_type=\"widget\" data-e-type=\"widget\" data-widget_type=\"heading.default\">\n\t\t\t\t<div class=\"elementor-widget-container\">\n\t\t\t\t\t<h4 class=\"elementor-heading-title elementor-size-default\">Ein St\u00fcck aus unserer Vergangenheit<\/h4>\t\t\t\t<\/div>\n\t\t\t\t<\/div>\n\t\t\t\t<div class=\"elementor-element elementor-element-21fb973 elementor-widget elementor-widget-heading\" data-id=\"21fb973\" data-element_type=\"widget\" data-e-type=\"widget\" data-widget_type=\"heading.default\">\n\t\t\t\t<div class=\"elementor-widget-container\">\n\t\t\t\t\t<h2 class=\"elementor-heading-title elementor-size-default\">Unsere Geschichte<\/h2>\t\t\t\t<\/div>\n\t\t\t\t<\/div>\n\t\t\t\t<div class=\"elementor-element elementor-element-63d6437 elementor-widget elementor-widget-image\" data-id=\"63d6437\" data-element_type=\"widget\" data-e-type=\"widget\" data-widget_type=\"image.default\">\n\t\t\t\t<div class=\"elementor-widget-container\">\n\t\t\t\t\t\t\t\t\t\t\t\t\t\t\t<img fetchpriority=\"high\" decoding=\"async\" width=\"800\" height=\"545\" src=\"https:\/\/dhseaworks.com\/wp-content\/uploads\/2019\/12\/historie1.jpg\" class=\"attachment-large size-large wp-image-513\" alt=\"\" srcset=\"https:\/\/dhseaworks.com\/wp-content\/uploads\/2019\/12\/historie1.jpg 800w, https:\/\/dhseaworks.com\/wp-content\/uploads\/2019\/12\/historie1-300x204.jpg 300w, https:\/\/dhseaworks.com\/wp-content\/uploads\/2019\/12\/historie1-768x523.jpg 768w\" sizes=\"(max-width: 800px) 100vw, 800px\" \/>\t\t\t\t\t\t\t\t\t\t\t\t\t\t\t<\/div>\n\t\t\t\t<\/div>\n\t\t\t\t\t<\/div>\n\t\t<\/div>\n\t\t\t\t<div class=\"elementor-column elementor-col-50 elementor-top-column elementor-element elementor-element-1950be7\" data-id=\"1950be7\" data-element_type=\"column\" data-e-type=\"column\">\n\t\t\t<div class=\"elementor-widget-wrap elementor-element-populated\">\n\t\t\t\t\t\t<div class=\"elementor-element elementor-element-971d1b5 elementor-widget elementor-widget-text-editor\" data-id=\"971d1b5\" data-element_type=\"widget\" data-e-type=\"widget\" data-widget_type=\"text-editor.default\">\n\t\t\t\t<div class=\"elementor-widget-container\">\n\t\t\t\t\t\t\t\t\t<p>Das Familienunternehmen wurde Anfang der 70er Jahre von Herrn A. den Herder Senior. gegr\u00fcndet und konzentrierte sich zun\u00e4chst auf die Gewinnung von Sand aus den niederl\u00e4ndischen Binnenwasserstra\u00dfen. In den achtziger Jahren gingen sie auf die Gewinnung von Meeresaggregaten auf See \u00fcber.<\/p>\n<p>Den Herder Seaworks ist ein wichtiger unabh\u00e4ngiger Dienstleister auf dem Gebiet der Sand- und Kiesgewinnung in Nordeuropa. Die Kunden werden mit fortschrittlichen Hopperbaggern in England, Frankreich, Belgien, Deutschland, Polen, den Niederlanden und einer Reihe von an der Ostsee grenzenden L\u00e4ndern beliefert.<\/p>\n<p>Das 40 Jahre alte Unternehmen ist vom Vater auf die vier S\u00f6hne \u00fcbergegangen, die alle in verschiedenen Positionen innerhalb des Unternehmens arbeiten und auch Aktion\u00e4re von Den Herder Seaworks sind.<\/p>\n<p><strong>TSHD SAEFTINGE<\/strong><br \/>Der Saeftinge war ein Hopperbagger, der entlang der K\u00fcstengebiete in den Niederlanden und Belgien eingesetzt wurde.<\/p>\n<p>Aufgrund der Zunahme internationaler Auftraggeber mit Konzessionsgebieten au\u00dferhalb der Niederlande beschloss die Reederei vor einigen Jahren, den Saeftinge zu verkaufen, damit der Spauwer entwickelt und ein Hopperbagger mit gr\u00f6\u00dferer Saugtiefe und Kapazit\u00e4t gebaut werden konnte.<\/p>\n<p>Der Spauwer ist seit Mai 2017 in Betrieb.<\/p>\n\t\t\t\t\t\t\t\t<\/div>\n\t\t\t\t<\/div>\n\t\t\t\t\t<\/div>\n\t\t<\/div>\n\t\t\t\t\t<\/div>\n\t\t<\/section>\n\t\t\t\t<\/div>\n\t\t","protected":false},"excerpt":{"rendered":"<p>DHSEAWORKS GESCHICHTE Ein St\u00fcck aus unserer Vergangenheit Unsere Geschichte Das Familienunternehmen wurde Anfang der 70er Jahre von Herrn A. den Herder Senior. gegr\u00fcndet und konzentrierte sich zun\u00e4chst auf die Gewinnung von Sand aus den niederl\u00e4ndischen Binnenwasserstra\u00dfen. In den achtziger Jahren gingen sie auf die Gewinnung von Meeresaggregaten auf See \u00fcber. Den Herder Seaworks ist ein [&hellip;]<\/p>\n","protected":false},"author":1,"featured_media":0,"parent":0,"menu_order":0,"comment_status":"closed","ping_status":"closed","template":"","meta":{"site-sidebar-layout":"default","site-content-layout":"page-builder","ast-site-content-layout":"default","site-content-style":"default","site-sidebar-style":"default","ast-global-header-display":"","ast-banner-title-visibility":"","ast-main-header-display":"","ast-hfb-above-header-display":"","ast-hfb-below-header-display":"","ast-hfb-mobile-header-display":"","site-post-title":"disabled","ast-breadcrumbs-content":"","ast-featured-img":"","footer-sml-layout":"","ast-disable-related-posts":"","theme-transparent-header-meta":"default","adv-header-id-meta":"","stick-header-meta":"","header-above-stick-meta":"","header-main-stick-meta":"","header-below-stick-meta":"","astra-migrate-meta-layouts":"default","ast-page-background-enabled":"default","ast-page-background-meta":{"desktop":{"background-color":"","background-image":"","background-repeat":"repeat","background-position":"center center","background-size":"auto","background-attachment":"scroll","background-type":"","background-media":"","overlay-type":"","overlay-color":"","overlay-opacity":"","overlay-gradient":""},"tablet":{"background-color":"","background-image":"","background-repeat":"repeat","background-position":"center center","background-size":"auto","background-attachment":"scroll","background-type":"","background-media":"","overlay-type":"","overlay-color":"","overlay-opacity":"","overlay-gradient":""},"mobile":{"background-color":"","background-image":"","background-repeat":"repeat","background-position":"center center","background-size":"auto","background-attachment":"scroll","background-type":"","background-media":"","overlay-type":"","overlay-color":"","overlay-opacity":"","overlay-gradient":""}},"ast-content-background-meta":{"desktop":{"background-color":"var(--ast-global-color-5)","background-image":"","background-repeat":"repeat","background-position":"center center","background-size":"auto","background-attachment":"scroll","background-type":"","background-media":"","overlay-type":"","overlay-color":"","overlay-opacity":"","overlay-gradient":""},"tablet":{"background-color":"var(--ast-global-color-5)","background-image":"","background-repeat":"repeat","background-position":"center center","background-size":"auto","background-attachment":"scroll","background-type":"","background-media":"","overlay-type":"","overlay-color":"","overlay-opacity":"","overlay-gradient":""},"mobile":{"background-color":"var(--ast-global-color-5)","background-image":"","background-repeat":"repeat","background-position":"center center","background-size":"auto","background-attachment":"scroll","background-type":"","background-media":"","overlay-type":"","overlay-color":"","overlay-opacity":"","overlay-gradient":""}},"footnotes":""},"class_list":["post-785","page","type-page","status-publish","hentry"],"yoast_head":"<!-- This site is optimized with the Yoast SEO plugin v27.3 - https:\/\/yoast.com\/product\/yoast-seo-wordpress\/ -->\n<title>GESCHICHTE - Dhseaworks.com<\/title>\n<meta name=\"robots\" content=\"index, follow, max-snippet:-1, max-image-preview:large, max-video-preview:-1\" \/>\n<link rel=\"canonical\" href=\"https:\/\/dhseaworks.com\/de\/geschichte\/\" \/>\n<meta property=\"og:locale\" content=\"de_DE\" \/>\n<meta property=\"og:type\" content=\"article\" \/>\n<meta property=\"og:title\" content=\"GESCHICHTE - Dhseaworks.com\" \/>\n<meta property=\"og:description\" content=\"DHSEAWORKS GESCHICHTE Ein St\u00fcck aus unserer Vergangenheit Unsere Geschichte Das Familienunternehmen wurde Anfang der 70er Jahre von Herrn A. den Herder Senior. gegr\u00fcndet und konzentrierte sich zun\u00e4chst auf die Gewinnung von Sand aus den niederl\u00e4ndischen Binnenwasserstra\u00dfen. In den achtziger Jahren gingen sie auf die Gewinnung von Meeresaggregaten auf See \u00fcber. Den Herder Seaworks ist ein [&hellip;]\" \/>\n<meta property=\"og:url\" content=\"https:\/\/dhseaworks.com\/de\/geschichte\/\" \/>\n<meta property=\"og:site_name\" content=\"Dhseaworks.com\" \/>\n<meta property=\"article:modified_time\" content=\"2020-04-18T09:29:17+00:00\" \/>\n<meta property=\"og:image\" content=\"https:\/\/dhseaworks.nl\/wp-content\/uploads\/2019\/12\/historie1.jpg\" \/>\n<meta name=\"twitter:card\" content=\"summary_large_image\" \/>\n<meta name=\"twitter:label1\" content=\"Gesch\u00e4tzte Lesezeit\" \/>\n\t<meta name=\"twitter:data1\" content=\"1\u00a0Minute\" \/>\n<script type=\"application\/ld+json\" class=\"yoast-schema-graph\">{\"@context\":\"https:\\\/\\\/schema.org\",\"@graph\":[{\"@type\":\"WebPage\",\"@id\":\"https:\\\/\\\/dhseaworks.com\\\/de\\\/geschichte\\\/\",\"url\":\"https:\\\/\\\/dhseaworks.com\\\/de\\\/geschichte\\\/\",\"name\":\"GESCHICHTE - Dhseaworks.com\",\"isPartOf\":{\"@id\":\"https:\\\/\\\/dhseaworks.com\\\/#website\"},\"primaryImageOfPage\":{\"@id\":\"https:\\\/\\\/dhseaworks.com\\\/de\\\/geschichte\\\/#primaryimage\"},\"image\":{\"@id\":\"https:\\\/\\\/dhseaworks.com\\\/de\\\/geschichte\\\/#primaryimage\"},\"thumbnailUrl\":\"https:\\\/\\\/dhseaworks.nl\\\/wp-content\\\/uploads\\\/2019\\\/12\\\/historie1.jpg\",\"datePublished\":\"2020-04-02T05:02:06+00:00\",\"dateModified\":\"2020-04-18T09:29:17+00:00\",\"breadcrumb\":{\"@id\":\"https:\\\/\\\/dhseaworks.com\\\/de\\\/geschichte\\\/#breadcrumb\"},\"inLanguage\":\"de\",\"potentialAction\":[{\"@type\":\"ReadAction\",\"target\":[\"https:\\\/\\\/dhseaworks.com\\\/de\\\/geschichte\\\/\"]}]},{\"@type\":\"ImageObject\",\"inLanguage\":\"de\",\"@id\":\"https:\\\/\\\/dhseaworks.com\\\/de\\\/geschichte\\\/#primaryimage\",\"url\":\"https:\\\/\\\/dhseaworks.nl\\\/wp-content\\\/uploads\\\/2019\\\/12\\\/historie1.jpg\",\"contentUrl\":\"https:\\\/\\\/dhseaworks.nl\\\/wp-content\\\/uploads\\\/2019\\\/12\\\/historie1.jpg\"},{\"@type\":\"BreadcrumbList\",\"@id\":\"https:\\\/\\\/dhseaworks.com\\\/de\\\/geschichte\\\/#breadcrumb\",\"itemListElement\":[{\"@type\":\"ListItem\",\"position\":1,\"name\":\"Home\",\"item\":\"https:\\\/\\\/dhseaworks.com\\\/de\\\/home\\\/\"},{\"@type\":\"ListItem\",\"position\":2,\"name\":\"GESCHICHTE\"}]},{\"@type\":\"WebSite\",\"@id\":\"https:\\\/\\\/dhseaworks.com\\\/#website\",\"url\":\"https:\\\/\\\/dhseaworks.com\\\/\",\"name\":\"Dhseaworks.com\",\"description\":\"\",\"publisher\":{\"@id\":\"https:\\\/\\\/dhseaworks.com\\\/#organization\"},\"potentialAction\":[{\"@type\":\"SearchAction\",\"target\":{\"@type\":\"EntryPoint\",\"urlTemplate\":\"https:\\\/\\\/dhseaworks.com\\\/?s={search_term_string}\"},\"query-input\":{\"@type\":\"PropertyValueSpecification\",\"valueRequired\":true,\"valueName\":\"search_term_string\"}}],\"inLanguage\":\"de\"},{\"@type\":\"Organization\",\"@id\":\"https:\\\/\\\/dhseaworks.com\\\/#organization\",\"name\":\"Dhseaworks.com\",\"url\":\"https:\\\/\\\/dhseaworks.com\\\/\",\"logo\":{\"@type\":\"ImageObject\",\"inLanguage\":\"de\",\"@id\":\"https:\\\/\\\/dhseaworks.com\\\/#\\\/schema\\\/logo\\\/image\\\/\",\"url\":\"https:\\\/\\\/dhseaworks.com\\\/wp-content\\\/uploads\\\/2019\\\/11\\\/logo.png\",\"contentUrl\":\"https:\\\/\\\/dhseaworks.com\\\/wp-content\\\/uploads\\\/2019\\\/11\\\/logo.png\",\"width\":374,\"height\":95,\"caption\":\"Dhseaworks.com\"},\"image\":{\"@id\":\"https:\\\/\\\/dhseaworks.com\\\/#\\\/schema\\\/logo\\\/image\\\/\"}}]}<\/script>\n<!-- \/ Yoast SEO plugin. -->","yoast_head_json":{"title":"GESCHICHTE - Dhseaworks.com","robots":{"index":"index","follow":"follow","max-snippet":"max-snippet:-1","max-image-preview":"max-image-preview:large","max-video-preview":"max-video-preview:-1"},"canonical":"https:\/\/dhseaworks.com\/de\/geschichte\/","og_locale":"de_DE","og_type":"article","og_title":"GESCHICHTE - Dhseaworks.com","og_description":"DHSEAWORKS GESCHICHTE Ein St\u00fcck aus unserer Vergangenheit Unsere Geschichte Das Familienunternehmen wurde Anfang der 70er Jahre von Herrn A. den Herder Senior. gegr\u00fcndet und konzentrierte sich zun\u00e4chst auf die Gewinnung von Sand aus den niederl\u00e4ndischen Binnenwasserstra\u00dfen. In den achtziger Jahren gingen sie auf die Gewinnung von Meeresaggregaten auf See \u00fcber. Den Herder Seaworks ist ein [&hellip;]","og_url":"https:\/\/dhseaworks.com\/de\/geschichte\/","og_site_name":"Dhseaworks.com","article_modified_time":"2020-04-18T09:29:17+00:00","og_image":[{"url":"https:\/\/dhseaworks.nl\/wp-content\/uploads\/2019\/12\/historie1.jpg","type":"","width":"","height":""}],"twitter_card":"summary_large_image","twitter_misc":{"Gesch\u00e4tzte Lesezeit":"1\u00a0Minute"},"schema":{"@context":"https:\/\/schema.org","@graph":[{"@type":"WebPage","@id":"https:\/\/dhseaworks.com\/de\/geschichte\/","url":"https:\/\/dhseaworks.com\/de\/geschichte\/","name":"GESCHICHTE - Dhseaworks.com","isPartOf":{"@id":"https:\/\/dhseaworks.com\/#website"},"primaryImageOfPage":{"@id":"https:\/\/dhseaworks.com\/de\/geschichte\/#primaryimage"},"image":{"@id":"https:\/\/dhseaworks.com\/de\/geschichte\/#primaryimage"},"thumbnailUrl":"https:\/\/dhseaworks.nl\/wp-content\/uploads\/2019\/12\/historie1.jpg","datePublished":"2020-04-02T05:02:06+00:00","dateModified":"2020-04-18T09:29:17+00:00","breadcrumb":{"@id":"https:\/\/dhseaworks.com\/de\/geschichte\/#breadcrumb"},"inLanguage":"de","potentialAction":[{"@type":"ReadAction","target":["https:\/\/dhseaworks.com\/de\/geschichte\/"]}]},{"@type":"ImageObject","inLanguage":"de","@id":"https:\/\/dhseaworks.com\/de\/geschichte\/#primaryimage","url":"https:\/\/dhseaworks.nl\/wp-content\/uploads\/2019\/12\/historie1.jpg","contentUrl":"https:\/\/dhseaworks.nl\/wp-content\/uploads\/2019\/12\/historie1.jpg"},{"@type":"BreadcrumbList","@id":"https:\/\/dhseaworks.com\/de\/geschichte\/#breadcrumb","itemListElement":[{"@type":"ListItem","position":1,"name":"Home","item":"https:\/\/dhseaworks.com\/de\/home\/"},{"@type":"ListItem","position":2,"name":"GESCHICHTE"}]},{"@type":"WebSite","@id":"https:\/\/dhseaworks.com\/#website","url":"https:\/\/dhseaworks.com\/","name":"Dhseaworks.com","description":"","publisher":{"@id":"https:\/\/dhseaworks.com\/#organization"},"potentialAction":[{"@type":"SearchAction","target":{"@type":"EntryPoint","urlTemplate":"https:\/\/dhseaworks.com\/?s={search_term_string}"},"query-input":{"@type":"PropertyValueSpecification","valueRequired":true,"valueName":"search_term_string"}}],"inLanguage":"de"},{"@type":"Organization","@id":"https:\/\/dhseaworks.com\/#organization","name":"Dhseaworks.com","url":"https:\/\/dhseaworks.com\/","logo":{"@type":"ImageObject","inLanguage":"de","@id":"https:\/\/dhseaworks.com\/#\/schema\/logo\/image\/","url":"https:\/\/dhseaworks.com\/wp-content\/uploads\/2019\/11\/logo.png","contentUrl":"https:\/\/dhseaworks.com\/wp-content\/uploads\/2019\/11\/logo.png","width":374,"height":95,"caption":"Dhseaworks.com"},"image":{"@id":"https:\/\/dhseaworks.com\/#\/schema\/logo\/image\/"}}]}},"_links":{"self":[{"href":"https:\/\/dhseaworks.com\/de\/wp-json\/wp\/v2\/pages\/785","targetHints":{"allow":["GET"]}}],"collection":[{"href":"https:\/\/dhseaworks.com\/de\/wp-json\/wp\/v2\/pages"}],"about":[{"href":"https:\/\/dhseaworks.com\/de\/wp-json\/wp\/v2\/types\/page"}],"author":[{"embeddable":true,"href":"https:\/\/dhseaworks.com\/de\/wp-json\/wp\/v2\/users\/1"}],"replies":[{"embeddable":true,"href":"https:\/\/dhseaworks.com\/de\/wp-json\/wp\/v2\/comments?post=785"}],"version-history":[{"count":5,"href":"https:\/\/dhseaworks.com\/de\/wp-json\/wp\/v2\/pages\/785\/revisions"}],"predecessor-version":[{"id":1111,"href":"https:\/\/dhseaworks.com\/de\/wp-json\/wp\/v2\/pages\/785\/revisions\/1111"}],"wp:attachment":[{"href":"https:\/\/dhseaworks.com\/de\/wp-json\/wp\/v2\/media?parent=785"}],"curies":[{"name":"wp","href":"https:\/\/api.w.org\/{rel}","templated":true}]}}