{"id":798,"date":"2020-04-02T06:09:26","date_gmt":"2020-04-02T05:09:26","guid":{"rendered":"https:\/\/dhseaworks.nl\/produkte\/"},"modified":"2020-04-22T09:31:32","modified_gmt":"2020-04-22T08:31:32","slug":"produkte","status":"publish","type":"page","link":"https:\/\/dhseaworks.com\/de\/produkte\/","title":{"rendered":"PRODUKTE"},"content":{"rendered":"\t\t<div data-elementor-type=\"wp-page\" data-elementor-id=\"798\" class=\"elementor elementor-798 elementor-18\" data-elementor-post-type=\"page\">\n\t\t\t\t\t\t<section class=\"elementor-section elementor-top-section elementor-element elementor-element-87d3bd6 elementor-section-height-min-height elementor-section-items-top elementor-section-boxed elementor-section-height-default\" data-id=\"87d3bd6\" data-element_type=\"section\" data-e-type=\"section\" data-settings=\"{&quot;background_background&quot;:&quot;classic&quot;}\">\n\t\t\t\t\t\t\t<div class=\"elementor-background-overlay\"><\/div>\n\t\t\t\t\t\t\t<div class=\"elementor-container elementor-column-gap-default\">\n\t\t\t\t\t<div class=\"elementor-column elementor-col-50 elementor-top-column elementor-element elementor-element-66b4b93\" data-id=\"66b4b93\" data-element_type=\"column\" data-e-type=\"column\">\n\t\t\t<div class=\"elementor-widget-wrap elementor-element-populated\">\n\t\t\t\t\t\t<div class=\"elementor-element elementor-element-ee66ec1 elementor-widget elementor-widget-heading\" data-id=\"ee66ec1\" data-element_type=\"widget\" data-e-type=\"widget\" data-widget_type=\"heading.default\">\n\t\t\t\t<div class=\"elementor-widget-container\">\n\t\t\t\t\t<h4 class=\"elementor-heading-title elementor-size-default\">DHSEAWORKS<\/h4>\t\t\t\t<\/div>\n\t\t\t\t<\/div>\n\t\t\t\t<div class=\"elementor-element elementor-element-c84d788 elementor-widget elementor-widget-heading\" data-id=\"c84d788\" data-element_type=\"widget\" data-e-type=\"widget\" data-widget_type=\"heading.default\">\n\t\t\t\t<div class=\"elementor-widget-container\">\n\t\t\t\t\t<h2 class=\"elementor-heading-title elementor-size-default\">PRODUKTE<\/h2>\t\t\t\t<\/div>\n\t\t\t\t<\/div>\n\t\t\t\t\t<\/div>\n\t\t<\/div>\n\t\t\t\t<div class=\"elementor-column elementor-col-50 elementor-top-column elementor-element elementor-element-e6a9b78\" data-id=\"e6a9b78\" data-element_type=\"column\" data-e-type=\"column\">\n\t\t\t<div class=\"elementor-widget-wrap\">\n\t\t\t\t\t\t\t<\/div>\n\t\t<\/div>\n\t\t\t\t\t<\/div>\n\t\t<\/section>\n\t\t\t\t<section class=\"elementor-section elementor-top-section elementor-element elementor-element-5cfdca1 elementor-section-boxed elementor-section-height-default elementor-section-height-default\" data-id=\"5cfdca1\" data-element_type=\"section\" data-e-type=\"section\">\n\t\t\t\t\t\t<div class=\"elementor-container elementor-column-gap-default\">\n\t\t\t\t\t<div class=\"elementor-column elementor-col-100 elementor-top-column elementor-element elementor-element-09b9396\" data-id=\"09b9396\" data-element_type=\"column\" data-e-type=\"column\">\n\t\t\t<div class=\"elementor-widget-wrap elementor-element-populated\">\n\t\t\t\t\t\t<div class=\"elementor-element elementor-element-d9e1ed1 elementor-view-default elementor-widget elementor-widget-icon\" data-id=\"d9e1ed1\" data-element_type=\"widget\" data-e-type=\"widget\" data-widget_type=\"icon.default\">\n\t\t\t\t<div class=\"elementor-widget-container\">\n\t\t\t\t\t\t\t<div class=\"elementor-icon-wrapper\">\n\t\t\t<div class=\"elementor-icon\">\n\t\t\t<i aria-hidden=\"true\" class=\"fas fa-chevron-down\"><\/i>\t\t\t<\/div>\n\t\t<\/div>\n\t\t\t\t\t\t<\/div>\n\t\t\t\t<\/div>\n\t\t\t\t\t<\/div>\n\t\t<\/div>\n\t\t\t\t\t<\/div>\n\t\t<\/section>\n\t\t\t\t<section class=\"elementor-section elementor-top-section elementor-element elementor-element-87bcfd1 elementor-section-boxed elementor-section-height-default elementor-section-height-default\" data-id=\"87bcfd1\" data-element_type=\"section\" data-e-type=\"section\">\n\t\t\t\t\t\t<div class=\"elementor-container elementor-column-gap-default\">\n\t\t\t\t\t<div class=\"elementor-column elementor-col-50 elementor-top-column elementor-element elementor-element-3ee7cca\" data-id=\"3ee7cca\" data-element_type=\"column\" data-e-type=\"column\">\n\t\t\t<div class=\"elementor-widget-wrap elementor-element-populated\">\n\t\t\t\t\t\t<div class=\"elementor-element elementor-element-76ba1b9 elementor-widget elementor-widget-heading\" data-id=\"76ba1b9\" data-element_type=\"widget\" data-e-type=\"widget\" data-widget_type=\"heading.default\">\n\t\t\t\t<div class=\"elementor-widget-container\">\n\t\t\t\t\t<h4 class=\"elementor-heading-title elementor-size-default\">Die beste Qualit\u00e4t<\/h4>\t\t\t\t<\/div>\n\t\t\t\t<\/div>\n\t\t\t\t<div class=\"elementor-element elementor-element-150be6b elementor-widget elementor-widget-heading\" data-id=\"150be6b\" data-element_type=\"widget\" data-e-type=\"widget\" data-widget_type=\"heading.default\">\n\t\t\t\t<div class=\"elementor-widget-container\">\n\t\t\t\t\t<h2 class=\"elementor-heading-title elementor-size-default\">Unsere Produkte<\/h2>\t\t\t\t<\/div>\n\t\t\t\t<\/div>\n\t\t\t\t\t<\/div>\n\t\t<\/div>\n\t\t\t\t<div class=\"elementor-column elementor-col-50 elementor-top-column elementor-element elementor-element-f6576d2\" data-id=\"f6576d2\" data-element_type=\"column\" data-e-type=\"column\">\n\t\t\t<div class=\"elementor-widget-wrap elementor-element-populated\">\n\t\t\t\t\t\t<div class=\"elementor-element elementor-element-55d8a36 elementor-widget elementor-widget-text-editor\" data-id=\"55d8a36\" data-element_type=\"widget\" data-e-type=\"widget\" data-widget_type=\"text-editor.default\">\n\t\t\t\t<div class=\"elementor-widget-container\">\n\t\t\t\t\t\t\t\t\t<p>Den Herder Seaworks liefert Meeres-Aggregate, Sand und Kies, in verschiedenen Kornzusammensetzungen aus mehreren Konzessionsgebieten in und um die Nordsee und den \u00c4rmelkanal.<\/p>\n<p>Alle Aggregate k\u00f6nnen bei der Verladung nach den W\u00fcnschen und Bed\u00fcrfnissen des Kunden\/Auftragsgeber gesiebt werden. Was das auf dem niederl\u00e4ndischen Festlandsockel gewonnene Material betrifft, so erfolgt die Lieferung gem\u00e4\u00df den niederl\u00e4ndischen Richtlinien des Baustoffbeschlusses (KIWA BRL 9313) mit einer Erkl\u00e4rung von KIWA, dass Sand aus dynamischen niederl\u00e4ndischen Abbaugebieten als PFAS-\u00dcbertragung betrachtet werden kann. Hinsichtlich der Lieferung von Meereszuschlagstoffen aus ausl\u00e4ndischen F\u00f6rdergebieten, die f\u00fcr den niederl\u00e4ndischen Markt bestimmt sind, hat Den Herder Seaworks auf eigene Initiative mehrere Ladungen stichprobenartig von einer unabh\u00e4ngigen Agentur auf PFAS untersuchen lassen.<\/p>\n<p>Hinsichtlich der Lieferung von Meereszuschlagstoffen aus ausl\u00e4ndischen F\u00f6rdergebieten, die f\u00fcr den niederl\u00e4ndischen Markt bestimmt sind, hat Den Herder Seaworks auf eigene Initiative mehrere Ladungen stichprobenartig von einer unabh\u00e4ngigen Agentur auf PFAS untersuchen lassen. Dies zeigt auch, dass die von Den Herder Seaworks genutzten ausl\u00e4ndischen Abbaugebiete frei von PFAS sind.<\/p>\n<p>Dank unserer langj\u00e4hrigen Erfahrung, unseres Wissens, unseres Fachpersonals und der vielen Konzessionsgebiete, \u00fcber die wir seit langem verf\u00fcgen, sind wir in der Lage, hochwertige Rohstoffe in konstanter Qualit\u00e4t \u00fcber lange Zeitr\u00e4ume zu liefern.<\/p>\n\t\t\t\t\t\t\t\t<\/div>\n\t\t\t\t<\/div>\n\t\t\t\t\t<\/div>\n\t\t<\/div>\n\t\t\t\t\t<\/div>\n\t\t<\/section>\n\t\t\t\t<\/div>\n\t\t","protected":false},"excerpt":{"rendered":"<p>DHSEAWORKS PRODUKTE Die beste Qualit\u00e4t Unsere Produkte Den Herder Seaworks liefert Meeres-Aggregate, Sand und Kies, in verschiedenen Kornzusammensetzungen aus mehreren Konzessionsgebieten in und um die Nordsee und den \u00c4rmelkanal. Alle Aggregate k\u00f6nnen bei der Verladung nach den W\u00fcnschen und Bed\u00fcrfnissen des Kunden\/Auftragsgeber gesiebt werden. Was das auf dem niederl\u00e4ndischen Festlandsockel gewonnene Material betrifft, so erfolgt [&hellip;]<\/p>\n","protected":false},"author":1,"featured_media":0,"parent":0,"menu_order":0,"comment_status":"closed","ping_status":"closed","template":"","meta":{"site-sidebar-layout":"default","site-content-layout":"page-builder","ast-site-content-layout":"default","site-content-style":"default","site-sidebar-style":"default","ast-global-header-display":"","ast-banner-title-visibility":"","ast-main-header-display":"","ast-hfb-above-header-display":"","ast-hfb-below-header-display":"","ast-hfb-mobile-header-display":"","site-post-title":"disabled","ast-breadcrumbs-content":"","ast-featured-img":"","footer-sml-layout":"","ast-disable-related-posts":"","theme-transparent-header-meta":"default","adv-header-id-meta":"","stick-header-meta":"","header-above-stick-meta":"","header-main-stick-meta":"","header-below-stick-meta":"","astra-migrate-meta-layouts":"default","ast-page-background-enabled":"default","ast-page-background-meta":{"desktop":{"background-color":"","background-image":"","background-repeat":"repeat","background-position":"center center","background-size":"auto","background-attachment":"scroll","background-type":"","background-media":"","overlay-type":"","overlay-color":"","overlay-opacity":"","overlay-gradient":""},"tablet":{"background-color":"","background-image":"","background-repeat":"repeat","background-position":"center center","background-size":"auto","background-attachment":"scroll","background-type":"","background-media":"","overlay-type":"","overlay-color":"","overlay-opacity":"","overlay-gradient":""},"mobile":{"background-color":"","background-image":"","background-repeat":"repeat","background-position":"center center","background-size":"auto","background-attachment":"scroll","background-type":"","background-media":"","overlay-type":"","overlay-color":"","overlay-opacity":"","overlay-gradient":""}},"ast-content-background-meta":{"desktop":{"background-color":"var(--ast-global-color-5)","background-image":"","background-repeat":"repeat","background-position":"center center","background-size":"auto","background-attachment":"scroll","background-type":"","background-media":"","overlay-type":"","overlay-color":"","overlay-opacity":"","overlay-gradient":""},"tablet":{"background-color":"var(--ast-global-color-5)","background-image":"","background-repeat":"repeat","background-position":"center center","background-size":"auto","background-attachment":"scroll","background-type":"","background-media":"","overlay-type":"","overlay-color":"","overlay-opacity":"","overlay-gradient":""},"mobile":{"background-color":"var(--ast-global-color-5)","background-image":"","background-repeat":"repeat","background-position":"center center","background-size":"auto","background-attachment":"scroll","background-type":"","background-media":"","overlay-type":"","overlay-color":"","overlay-opacity":"","overlay-gradient":""}},"footnotes":""},"class_list":["post-798","page","type-page","status-publish","hentry"],"yoast_head":"<!-- This site is optimized with the Yoast SEO plugin v27.3 - https:\/\/yoast.com\/product\/yoast-seo-wordpress\/ -->\n<title>PRODUKTE - Dhseaworks.com<\/title>\n<meta name=\"robots\" content=\"index, follow, max-snippet:-1, max-image-preview:large, max-video-preview:-1\" \/>\n<link rel=\"canonical\" href=\"https:\/\/dhseaworks.com\/de\/produkte\/\" \/>\n<meta property=\"og:locale\" content=\"de_DE\" \/>\n<meta property=\"og:type\" content=\"article\" \/>\n<meta property=\"og:title\" content=\"PRODUKTE - Dhseaworks.com\" \/>\n<meta property=\"og:description\" content=\"DHSEAWORKS PRODUKTE Die beste Qualit\u00e4t Unsere Produkte Den Herder Seaworks liefert Meeres-Aggregate, Sand und Kies, in verschiedenen Kornzusammensetzungen aus mehreren Konzessionsgebieten in und um die Nordsee und den \u00c4rmelkanal. Alle Aggregate k\u00f6nnen bei der Verladung nach den W\u00fcnschen und Bed\u00fcrfnissen des Kunden\/Auftragsgeber gesiebt werden. Was das auf dem niederl\u00e4ndischen Festlandsockel gewonnene Material betrifft, so erfolgt [&hellip;]\" \/>\n<meta property=\"og:url\" content=\"https:\/\/dhseaworks.com\/de\/produkte\/\" \/>\n<meta property=\"og:site_name\" content=\"Dhseaworks.com\" \/>\n<meta property=\"article:modified_time\" content=\"2020-04-22T08:31:32+00:00\" \/>\n<meta name=\"twitter:card\" content=\"summary_large_image\" \/>\n<meta name=\"twitter:label1\" content=\"Gesch\u00e4tzte Lesezeit\" \/>\n\t<meta name=\"twitter:data1\" content=\"1\u00a0Minute\" \/>\n<script type=\"application\/ld+json\" class=\"yoast-schema-graph\">{\"@context\":\"https:\\\/\\\/schema.org\",\"@graph\":[{\"@type\":\"WebPage\",\"@id\":\"https:\\\/\\\/dhseaworks.com\\\/de\\\/produkte\\\/\",\"url\":\"https:\\\/\\\/dhseaworks.com\\\/de\\\/produkte\\\/\",\"name\":\"PRODUKTE - Dhseaworks.com\",\"isPartOf\":{\"@id\":\"https:\\\/\\\/dhseaworks.com\\\/#website\"},\"datePublished\":\"2020-04-02T05:09:26+00:00\",\"dateModified\":\"2020-04-22T08:31:32+00:00\",\"breadcrumb\":{\"@id\":\"https:\\\/\\\/dhseaworks.com\\\/de\\\/produkte\\\/#breadcrumb\"},\"inLanguage\":\"de\",\"potentialAction\":[{\"@type\":\"ReadAction\",\"target\":[\"https:\\\/\\\/dhseaworks.com\\\/de\\\/produkte\\\/\"]}]},{\"@type\":\"BreadcrumbList\",\"@id\":\"https:\\\/\\\/dhseaworks.com\\\/de\\\/produkte\\\/#breadcrumb\",\"itemListElement\":[{\"@type\":\"ListItem\",\"position\":1,\"name\":\"Home\",\"item\":\"https:\\\/\\\/dhseaworks.com\\\/de\\\/home\\\/\"},{\"@type\":\"ListItem\",\"position\":2,\"name\":\"PRODUKTE\"}]},{\"@type\":\"WebSite\",\"@id\":\"https:\\\/\\\/dhseaworks.com\\\/#website\",\"url\":\"https:\\\/\\\/dhseaworks.com\\\/\",\"name\":\"Dhseaworks.com\",\"description\":\"\",\"publisher\":{\"@id\":\"https:\\\/\\\/dhseaworks.com\\\/#organization\"},\"potentialAction\":[{\"@type\":\"SearchAction\",\"target\":{\"@type\":\"EntryPoint\",\"urlTemplate\":\"https:\\\/\\\/dhseaworks.com\\\/?s={search_term_string}\"},\"query-input\":{\"@type\":\"PropertyValueSpecification\",\"valueRequired\":true,\"valueName\":\"search_term_string\"}}],\"inLanguage\":\"de\"},{\"@type\":\"Organization\",\"@id\":\"https:\\\/\\\/dhseaworks.com\\\/#organization\",\"name\":\"Dhseaworks.com\",\"url\":\"https:\\\/\\\/dhseaworks.com\\\/\",\"logo\":{\"@type\":\"ImageObject\",\"inLanguage\":\"de\",\"@id\":\"https:\\\/\\\/dhseaworks.com\\\/#\\\/schema\\\/logo\\\/image\\\/\",\"url\":\"https:\\\/\\\/dhseaworks.com\\\/wp-content\\\/uploads\\\/2019\\\/11\\\/logo.png\",\"contentUrl\":\"https:\\\/\\\/dhseaworks.com\\\/wp-content\\\/uploads\\\/2019\\\/11\\\/logo.png\",\"width\":374,\"height\":95,\"caption\":\"Dhseaworks.com\"},\"image\":{\"@id\":\"https:\\\/\\\/dhseaworks.com\\\/#\\\/schema\\\/logo\\\/image\\\/\"}}]}<\/script>\n<!-- \/ Yoast SEO plugin. -->","yoast_head_json":{"title":"PRODUKTE - Dhseaworks.com","robots":{"index":"index","follow":"follow","max-snippet":"max-snippet:-1","max-image-preview":"max-image-preview:large","max-video-preview":"max-video-preview:-1"},"canonical":"https:\/\/dhseaworks.com\/de\/produkte\/","og_locale":"de_DE","og_type":"article","og_title":"PRODUKTE - Dhseaworks.com","og_description":"DHSEAWORKS PRODUKTE Die beste Qualit\u00e4t Unsere Produkte Den Herder Seaworks liefert Meeres-Aggregate, Sand und Kies, in verschiedenen Kornzusammensetzungen aus mehreren Konzessionsgebieten in und um die Nordsee und den \u00c4rmelkanal. Alle Aggregate k\u00f6nnen bei der Verladung nach den W\u00fcnschen und Bed\u00fcrfnissen des Kunden\/Auftragsgeber gesiebt werden. Was das auf dem niederl\u00e4ndischen Festlandsockel gewonnene Material betrifft, so erfolgt [&hellip;]","og_url":"https:\/\/dhseaworks.com\/de\/produkte\/","og_site_name":"Dhseaworks.com","article_modified_time":"2020-04-22T08:31:32+00:00","twitter_card":"summary_large_image","twitter_misc":{"Gesch\u00e4tzte Lesezeit":"1\u00a0Minute"},"schema":{"@context":"https:\/\/schema.org","@graph":[{"@type":"WebPage","@id":"https:\/\/dhseaworks.com\/de\/produkte\/","url":"https:\/\/dhseaworks.com\/de\/produkte\/","name":"PRODUKTE - Dhseaworks.com","isPartOf":{"@id":"https:\/\/dhseaworks.com\/#website"},"datePublished":"2020-04-02T05:09:26+00:00","dateModified":"2020-04-22T08:31:32+00:00","breadcrumb":{"@id":"https:\/\/dhseaworks.com\/de\/produkte\/#breadcrumb"},"inLanguage":"de","potentialAction":[{"@type":"ReadAction","target":["https:\/\/dhseaworks.com\/de\/produkte\/"]}]},{"@type":"BreadcrumbList","@id":"https:\/\/dhseaworks.com\/de\/produkte\/#breadcrumb","itemListElement":[{"@type":"ListItem","position":1,"name":"Home","item":"https:\/\/dhseaworks.com\/de\/home\/"},{"@type":"ListItem","position":2,"name":"PRODUKTE"}]},{"@type":"WebSite","@id":"https:\/\/dhseaworks.com\/#website","url":"https:\/\/dhseaworks.com\/","name":"Dhseaworks.com","description":"","publisher":{"@id":"https:\/\/dhseaworks.com\/#organization"},"potentialAction":[{"@type":"SearchAction","target":{"@type":"EntryPoint","urlTemplate":"https:\/\/dhseaworks.com\/?s={search_term_string}"},"query-input":{"@type":"PropertyValueSpecification","valueRequired":true,"valueName":"search_term_string"}}],"inLanguage":"de"},{"@type":"Organization","@id":"https:\/\/dhseaworks.com\/#organization","name":"Dhseaworks.com","url":"https:\/\/dhseaworks.com\/","logo":{"@type":"ImageObject","inLanguage":"de","@id":"https:\/\/dhseaworks.com\/#\/schema\/logo\/image\/","url":"https:\/\/dhseaworks.com\/wp-content\/uploads\/2019\/11\/logo.png","contentUrl":"https:\/\/dhseaworks.com\/wp-content\/uploads\/2019\/11\/logo.png","width":374,"height":95,"caption":"Dhseaworks.com"},"image":{"@id":"https:\/\/dhseaworks.com\/#\/schema\/logo\/image\/"}}]}},"_links":{"self":[{"href":"https:\/\/dhseaworks.com\/de\/wp-json\/wp\/v2\/pages\/798","targetHints":{"allow":["GET"]}}],"collection":[{"href":"https:\/\/dhseaworks.com\/de\/wp-json\/wp\/v2\/pages"}],"about":[{"href":"https:\/\/dhseaworks.com\/de\/wp-json\/wp\/v2\/types\/page"}],"author":[{"embeddable":true,"href":"https:\/\/dhseaworks.com\/de\/wp-json\/wp\/v2\/users\/1"}],"replies":[{"embeddable":true,"href":"https:\/\/dhseaworks.com\/de\/wp-json\/wp\/v2\/comments?post=798"}],"version-history":[{"count":5,"href":"https:\/\/dhseaworks.com\/de\/wp-json\/wp\/v2\/pages\/798\/revisions"}],"predecessor-version":[{"id":1304,"href":"https:\/\/dhseaworks.com\/de\/wp-json\/wp\/v2\/pages\/798\/revisions\/1304"}],"wp:attachment":[{"href":"https:\/\/dhseaworks.com\/de\/wp-json\/wp\/v2\/media?parent=798"}],"curies":[{"name":"wp","href":"https:\/\/api.w.org\/{rel}","templated":true}]}}