{"id":801,"date":"2020-04-02T06:11:31","date_gmt":"2020-04-02T05:11:31","guid":{"rendered":"https:\/\/dhseaworks.nl\/unsere-flotte\/"},"modified":"2020-04-18T10:29:05","modified_gmt":"2020-04-18T09:29:05","slug":"unsere-flotte","status":"publish","type":"page","link":"https:\/\/dhseaworks.com\/de\/unsere-flotte\/","title":{"rendered":"UNSERE FLOTTE"},"content":{"rendered":"\t\t<div data-elementor-type=\"wp-page\" data-elementor-id=\"801\" class=\"elementor elementor-801 elementor-24\" data-elementor-post-type=\"page\">\n\t\t\t\t\t\t<section class=\"elementor-section elementor-top-section elementor-element elementor-element-fee4402 elementor-section-height-min-height elementor-section-items-top elementor-section-boxed elementor-section-height-default\" data-id=\"fee4402\" data-element_type=\"section\" data-e-type=\"section\" data-settings=\"{&quot;background_background&quot;:&quot;classic&quot;}\">\n\t\t\t\t\t\t\t<div class=\"elementor-background-overlay\"><\/div>\n\t\t\t\t\t\t\t<div class=\"elementor-container elementor-column-gap-default\">\n\t\t\t\t\t<div class=\"elementor-column elementor-col-50 elementor-top-column elementor-element elementor-element-e5f2653\" data-id=\"e5f2653\" data-element_type=\"column\" data-e-type=\"column\">\n\t\t\t<div class=\"elementor-widget-wrap elementor-element-populated\">\n\t\t\t\t\t\t<div class=\"elementor-element elementor-element-4e7ccca elementor-widget elementor-widget-heading\" data-id=\"4e7ccca\" data-element_type=\"widget\" data-e-type=\"widget\" data-widget_type=\"heading.default\">\n\t\t\t\t<div class=\"elementor-widget-container\">\n\t\t\t\t\t<h4 class=\"elementor-heading-title elementor-size-default\">DHSEAWORKS<\/h4>\t\t\t\t<\/div>\n\t\t\t\t<\/div>\n\t\t\t\t<div class=\"elementor-element elementor-element-75b155b elementor-widget elementor-widget-heading\" data-id=\"75b155b\" data-element_type=\"widget\" data-e-type=\"widget\" data-widget_type=\"heading.default\">\n\t\t\t\t<div class=\"elementor-widget-container\">\n\t\t\t\t\t<h2 class=\"elementor-heading-title elementor-size-default\">UNSERE FLOTTE<\/h2>\t\t\t\t<\/div>\n\t\t\t\t<\/div>\n\t\t\t\t\t<\/div>\n\t\t<\/div>\n\t\t\t\t<div class=\"elementor-column elementor-col-50 elementor-top-column elementor-element elementor-element-493498e\" data-id=\"493498e\" data-element_type=\"column\" data-e-type=\"column\">\n\t\t\t<div class=\"elementor-widget-wrap\">\n\t\t\t\t\t\t\t<\/div>\n\t\t<\/div>\n\t\t\t\t\t<\/div>\n\t\t<\/section>\n\t\t\t\t<section class=\"elementor-section elementor-top-section elementor-element elementor-element-c323a2d elementor-section-boxed elementor-section-height-default elementor-section-height-default\" data-id=\"c323a2d\" data-element_type=\"section\" data-e-type=\"section\">\n\t\t\t\t\t\t<div class=\"elementor-container elementor-column-gap-default\">\n\t\t\t\t\t<div class=\"elementor-column elementor-col-100 elementor-top-column elementor-element elementor-element-b695749\" data-id=\"b695749\" data-element_type=\"column\" data-e-type=\"column\">\n\t\t\t<div class=\"elementor-widget-wrap elementor-element-populated\">\n\t\t\t\t\t\t<div class=\"elementor-element elementor-element-953cf1c elementor-view-default elementor-widget elementor-widget-icon\" data-id=\"953cf1c\" data-element_type=\"widget\" data-e-type=\"widget\" data-widget_type=\"icon.default\">\n\t\t\t\t<div class=\"elementor-widget-container\">\n\t\t\t\t\t\t\t<div class=\"elementor-icon-wrapper\">\n\t\t\t<div class=\"elementor-icon\">\n\t\t\t<i aria-hidden=\"true\" class=\"fas fa-chevron-down\"><\/i>\t\t\t<\/div>\n\t\t<\/div>\n\t\t\t\t\t\t<\/div>\n\t\t\t\t<\/div>\n\t\t\t\t\t<\/div>\n\t\t<\/div>\n\t\t\t\t\t<\/div>\n\t\t<\/section>\n\t\t\t\t<section class=\"elementor-section elementor-top-section elementor-element elementor-element-18da937 elementor-section-boxed elementor-section-height-default elementor-section-height-default\" data-id=\"18da937\" data-element_type=\"section\" data-e-type=\"section\">\n\t\t\t\t\t\t<div class=\"elementor-container elementor-column-gap-default\">\n\t\t\t\t\t<div class=\"elementor-column elementor-col-50 elementor-top-column elementor-element elementor-element-795f931\" data-id=\"795f931\" data-element_type=\"column\" data-e-type=\"column\">\n\t\t\t<div class=\"elementor-widget-wrap elementor-element-populated\">\n\t\t\t\t\t\t<div class=\"elementor-element elementor-element-14a58ee elementor-widget elementor-widget-heading\" data-id=\"14a58ee\" data-element_type=\"widget\" data-e-type=\"widget\" data-widget_type=\"heading.default\">\n\t\t\t\t<div class=\"elementor-widget-container\">\n\t\t\t\t\t<h4 class=\"elementor-heading-title elementor-size-default\">DHSEAWORKS arbeitet mit 3<\/h4>\t\t\t\t<\/div>\n\t\t\t\t<\/div>\n\t\t\t\t<div class=\"elementor-element elementor-element-d76bab7 elementor-widget elementor-widget-heading\" data-id=\"d76bab7\" data-element_type=\"widget\" data-e-type=\"widget\" data-widget_type=\"heading.default\">\n\t\t\t\t<div class=\"elementor-widget-container\">\n\t\t\t\t\t<h2 class=\"elementor-heading-title elementor-size-default\">Schleppsaug <br>baggern<\/h2>\t\t\t\t<\/div>\n\t\t\t\t<\/div>\n\t\t\t\t\t<\/div>\n\t\t<\/div>\n\t\t\t\t<div class=\"elementor-column elementor-col-50 elementor-top-column elementor-element elementor-element-f7cddc6\" data-id=\"f7cddc6\" data-element_type=\"column\" data-e-type=\"column\">\n\t\t\t<div class=\"elementor-widget-wrap elementor-element-populated\">\n\t\t\t\t\t\t<div class=\"elementor-element elementor-element-0c63d85 elementor-widget elementor-widget-text-editor\" data-id=\"0c63d85\" data-element_type=\"widget\" data-e-type=\"widget\" data-widget_type=\"text-editor.default\">\n\t\t\t\t<div class=\"elementor-widget-container\">\n\t\t\t\t\t\t\t\t\t<p>Den Herder Seaworks ist ein Familienunternehmen, das derzeit drei Hopperbagger betreibt, die speziell f\u00fcr die Gewinnung von Meeresaggregaten gebaut wurden. Den Herder Seaworks liefert und entl\u00e4dt seine Produkte\/Fracht an seine Kunden und Auftraggeber innerhalb Europas.<\/p>\n<p>In der Betreibergesellschaft Spauwer Marine Aggregates B.V. wurde der Bau eines selbst entwickelten Hopperbaggers abgeschlossen. Dieses Schiff wurde im April 2017 unter dem Namen TSHD Spauwer in Dienst gestellt. urch den Einsatz modernster Gewinnungs-, Sieb- und Entladeanlagen an Bord unserer Schiffe k\u00f6nnen Kunden schnell und effizient mit Meeres-Aggregaten versorgt werden.<\/p>\n<p>Die technisch hochwertigen Gewinnungs-, Sieb- und Entladeanlagen an Bord unserer Schiffe werden im eigenen Haus entwickelt und gebaut.<\/p>\n<p>Alle Schiffe erf\u00fcllen die h\u00f6chsten Qualit\u00e4tsstandards und sind unter der Klasse von Bureau Veritas und Lloyd&#8217;s Register registriert.<\/p>\n<p>Nachstehend finden Sie weitere Informationen \u00fcber unsere Flotte.<\/p>\n\t\t\t\t\t\t\t\t<\/div>\n\t\t\t\t<\/div>\n\t\t\t\t\t<\/div>\n\t\t<\/div>\n\t\t\t\t\t<\/div>\n\t\t<\/section>\n\t\t\t\t<section class=\"elementor-section elementor-top-section elementor-element elementor-element-057be56 elementor-section-boxed elementor-section-height-default elementor-section-height-default\" data-id=\"057be56\" data-element_type=\"section\" data-e-type=\"section\">\n\t\t\t\t\t\t<div class=\"elementor-container elementor-column-gap-default\">\n\t\t\t\t\t<div class=\"elementor-column elementor-col-100 elementor-top-column elementor-element elementor-element-335b111\" data-id=\"335b111\" data-element_type=\"column\" data-e-type=\"column\">\n\t\t\t<div class=\"elementor-widget-wrap elementor-element-populated\">\n\t\t\t\t\t\t<div class=\"elementor-element elementor-element-39c7d81 elementor-widget elementor-widget-heading\" data-id=\"39c7d81\" data-element_type=\"widget\" data-e-type=\"widget\" data-widget_type=\"heading.default\">\n\t\t\t\t<div class=\"elementor-widget-container\">\n\t\t\t\t\t<h4 class=\"elementor-heading-title elementor-size-default\">Weitere Informationen \u00fcber unsere Flotte<\/h4>\t\t\t\t<\/div>\n\t\t\t\t<\/div>\n\t\t\t\t<div class=\"elementor-element elementor-element-45e9669 elementor-widget elementor-widget-heading\" data-id=\"45e9669\" data-element_type=\"widget\" data-e-type=\"widget\" data-widget_type=\"heading.default\">\n\t\t\t\t<div class=\"elementor-widget-container\">\n\t\t\t\t\t<h2 class=\"elementor-heading-title elementor-size-default\">Unsere Hopperbagger<\/h2>\t\t\t\t<\/div>\n\t\t\t\t<\/div>\n\t\t\t\t<section class=\"elementor-section elementor-inner-section elementor-element elementor-element-638f903 elementor-section-boxed elementor-section-height-default elementor-section-height-default\" data-id=\"638f903\" data-element_type=\"section\" data-e-type=\"section\">\n\t\t\t\t\t\t<div class=\"elementor-container elementor-column-gap-default\">\n\t\t\t\t\t<div class=\"elementor-column elementor-col-33 elementor-inner-column elementor-element elementor-element-0652f5e\" data-id=\"0652f5e\" data-element_type=\"column\" data-e-type=\"column\">\n\t\t\t<div class=\"elementor-widget-wrap elementor-element-populated\">\n\t\t\t\t\t\t<div class=\"elementor-element elementor-element-592e42c elementor-flip-box--effect-fade elementor-widget elementor-widget-flip-box\" data-id=\"592e42c\" data-element_type=\"widget\" data-e-type=\"widget\" data-widget_type=\"flip-box.default\">\n\t\t\t\t<div class=\"elementor-widget-container\">\n\t\t\t\t\t\t\t<div class=\"elementor-flip-box\" tabindex=\"0\">\n\t\t\t<div class=\"elementor-flip-box__layer elementor-flip-box__front\">\n\t\t\t\t<div class=\"elementor-flip-box__layer__overlay\">\n\t\t\t\t\t<div class=\"elementor-flip-box__layer__inner\">\n\t\t\t\t\t\t\n\t\t\t\t\t\t\t\t\t\t\t\t\t<h3 class=\"elementor-flip-box__layer__title\">\n\t\t\t\t\t\t\t\tTSHD SPAUWER\t\t\t\t\t\t\t<\/h3>\n\t\t\t\t\t\t\n\t\t\t\t\t\t\t\t\t\t\t<\/div>\n\t\t\t\t<\/div>\n\t\t\t<\/div>\n\t\t\t<a class=\"elementor-flip-box__layer elementor-flip-box__back\" href=\"\/de\/tshd-spauwer\/\">\n\t\t\t<div class=\"elementor-flip-box__layer__overlay\">\n\t\t\t\t<div class=\"elementor-flip-box__layer__inner\">\n\t\t\t\t\t\n\t\t\t\t\t\n\t\t\t\t\t\t\t\t<\/div>\n\t\t<\/div>\n\t\t<\/a>\n\t\t<\/div>\n\t\t\t\t\t\t<\/div>\n\t\t\t\t<\/div>\n\t\t\t\t\t<\/div>\n\t\t<\/div>\n\t\t\t\t<div class=\"elementor-column elementor-col-33 elementor-inner-column elementor-element elementor-element-93018f6\" data-id=\"93018f6\" data-element_type=\"column\" data-e-type=\"column\">\n\t\t\t<div class=\"elementor-widget-wrap elementor-element-populated\">\n\t\t\t\t\t\t<div class=\"elementor-element elementor-element-7ea9611 elementor-flip-box--effect-fade elementor-widget elementor-widget-flip-box\" data-id=\"7ea9611\" data-element_type=\"widget\" data-e-type=\"widget\" data-widget_type=\"flip-box.default\">\n\t\t\t\t<div class=\"elementor-widget-container\">\n\t\t\t\t\t\t\t<div class=\"elementor-flip-box\" tabindex=\"0\">\n\t\t\t<div class=\"elementor-flip-box__layer elementor-flip-box__front\">\n\t\t\t\t<div class=\"elementor-flip-box__layer__overlay\">\n\t\t\t\t\t<div class=\"elementor-flip-box__layer__inner\">\n\t\t\t\t\t\t\n\t\t\t\t\t\t\t\t\t\t\t\t\t<h3 class=\"elementor-flip-box__layer__title\">\n\t\t\t\t\t\t\t\tTSHD SCELVERINGHE \t\t\t\t\t\t\t<\/h3>\n\t\t\t\t\t\t\n\t\t\t\t\t\t\t\t\t\t\t<\/div>\n\t\t\t\t<\/div>\n\t\t\t<\/div>\n\t\t\t<a class=\"elementor-flip-box__layer elementor-flip-box__back\" href=\"\/de\/tshd-scelveringhe\/\">\n\t\t\t<div class=\"elementor-flip-box__layer__overlay\">\n\t\t\t\t<div class=\"elementor-flip-box__layer__inner\">\n\t\t\t\t\t\n\t\t\t\t\t\n\t\t\t\t\t\t\t\t<\/div>\n\t\t<\/div>\n\t\t<\/a>\n\t\t<\/div>\n\t\t\t\t\t\t<\/div>\n\t\t\t\t<\/div>\n\t\t\t\t\t<\/div>\n\t\t<\/div>\n\t\t\t\t<div class=\"elementor-column elementor-col-33 elementor-inner-column elementor-element elementor-element-6b67370\" data-id=\"6b67370\" data-element_type=\"column\" data-e-type=\"column\">\n\t\t\t<div class=\"elementor-widget-wrap elementor-element-populated\">\n\t\t\t\t\t\t<div class=\"elementor-element elementor-element-5abda89 elementor-flip-box--effect-fade elementor-widget elementor-widget-flip-box\" data-id=\"5abda89\" data-element_type=\"widget\" data-e-type=\"widget\" data-widget_type=\"flip-box.default\">\n\t\t\t\t<div class=\"elementor-widget-container\">\n\t\t\t\t\t\t\t<div class=\"elementor-flip-box\" tabindex=\"0\">\n\t\t\t<div class=\"elementor-flip-box__layer elementor-flip-box__front\">\n\t\t\t\t<div class=\"elementor-flip-box__layer__overlay\">\n\t\t\t\t\t<div class=\"elementor-flip-box__layer__inner\">\n\t\t\t\t\t\t\n\t\t\t\t\t\t\t\t\t\t\t\t\t<h3 class=\"elementor-flip-box__layer__title\">\n\t\t\t\t\t\t\t\tTSHD SWALINGE\t\t\t\t\t\t\t<\/h3>\n\t\t\t\t\t\t\n\t\t\t\t\t\t\t\t\t\t\t<\/div>\n\t\t\t\t<\/div>\n\t\t\t<\/div>\n\t\t\t<a class=\"elementor-flip-box__layer elementor-flip-box__back\" href=\"\/de\/tshd-swalinge\/\">\n\t\t\t<div class=\"elementor-flip-box__layer__overlay\">\n\t\t\t\t<div class=\"elementor-flip-box__layer__inner\">\n\t\t\t\t\t\n\t\t\t\t\t\n\t\t\t\t\t\t\t\t<\/div>\n\t\t<\/div>\n\t\t<\/a>\n\t\t<\/div>\n\t\t\t\t\t\t<\/div>\n\t\t\t\t<\/div>\n\t\t\t\t\t<\/div>\n\t\t<\/div>\n\t\t\t\t\t<\/div>\n\t\t<\/section>\n\t\t\t\t\t<\/div>\n\t\t<\/div>\n\t\t\t\t\t<\/div>\n\t\t<\/section>\n\t\t\t\t<\/div>\n\t\t","protected":false},"excerpt":{"rendered":"<p>DHSEAWORKS UNSERE FLOTTE DHSEAWORKS arbeitet mit 3 Schleppsaug baggern Den Herder Seaworks ist ein Familienunternehmen, das derzeit drei Hopperbagger betreibt, die speziell f\u00fcr die Gewinnung von Meeresaggregaten gebaut wurden. Den Herder Seaworks liefert und entl\u00e4dt seine Produkte\/Fracht an seine Kunden und Auftraggeber innerhalb Europas. In der Betreibergesellschaft Spauwer Marine Aggregates B.V. wurde der Bau eines [&hellip;]<\/p>\n","protected":false},"author":1,"featured_media":0,"parent":0,"menu_order":0,"comment_status":"closed","ping_status":"closed","template":"","meta":{"site-sidebar-layout":"default","site-content-layout":"page-builder","ast-site-content-layout":"default","site-content-style":"default","site-sidebar-style":"default","ast-global-header-display":"","ast-banner-title-visibility":"","ast-main-header-display":"","ast-hfb-above-header-display":"","ast-hfb-below-header-display":"","ast-hfb-mobile-header-display":"","site-post-title":"disabled","ast-breadcrumbs-content":"","ast-featured-img":"","footer-sml-layout":"","ast-disable-related-posts":"","theme-transparent-header-meta":"default","adv-header-id-meta":"","stick-header-meta":"","header-above-stick-meta":"","header-main-stick-meta":"","header-below-stick-meta":"","astra-migrate-meta-layouts":"default","ast-page-background-enabled":"default","ast-page-background-meta":{"desktop":{"background-color":"","background-image":"","background-repeat":"repeat","background-position":"center center","background-size":"auto","background-attachment":"scroll","background-type":"","background-media":"","overlay-type":"","overlay-color":"","overlay-opacity":"","overlay-gradient":""},"tablet":{"background-color":"","background-image":"","background-repeat":"repeat","background-position":"center center","background-size":"auto","background-attachment":"scroll","background-type":"","background-media":"","overlay-type":"","overlay-color":"","overlay-opacity":"","overlay-gradient":""},"mobile":{"background-color":"","background-image":"","background-repeat":"repeat","background-position":"center center","background-size":"auto","background-attachment":"scroll","background-type":"","background-media":"","overlay-type":"","overlay-color":"","overlay-opacity":"","overlay-gradient":""}},"ast-content-background-meta":{"desktop":{"background-color":"var(--ast-global-color-5)","background-image":"","background-repeat":"repeat","background-position":"center center","background-size":"auto","background-attachment":"scroll","background-type":"","background-media":"","overlay-type":"","overlay-color":"","overlay-opacity":"","overlay-gradient":""},"tablet":{"background-color":"var(--ast-global-color-5)","background-image":"","background-repeat":"repeat","background-position":"center center","background-size":"auto","background-attachment":"scroll","background-type":"","background-media":"","overlay-type":"","overlay-color":"","overlay-opacity":"","overlay-gradient":""},"mobile":{"background-color":"var(--ast-global-color-5)","background-image":"","background-repeat":"repeat","background-position":"center center","background-size":"auto","background-attachment":"scroll","background-type":"","background-media":"","overlay-type":"","overlay-color":"","overlay-opacity":"","overlay-gradient":""}},"footnotes":""},"class_list":["post-801","page","type-page","status-publish","hentry"],"yoast_head":"<!-- This site is optimized with the Yoast SEO plugin v27.3 - https:\/\/yoast.com\/product\/yoast-seo-wordpress\/ -->\n<title>UNSERE FLOTTE - Dhseaworks.com<\/title>\n<meta name=\"robots\" content=\"index, follow, max-snippet:-1, max-image-preview:large, max-video-preview:-1\" \/>\n<link rel=\"canonical\" href=\"https:\/\/dhseaworks.com\/de\/unsere-flotte\/\" \/>\n<meta property=\"og:locale\" content=\"de_DE\" \/>\n<meta property=\"og:type\" content=\"article\" \/>\n<meta property=\"og:title\" content=\"UNSERE FLOTTE - Dhseaworks.com\" \/>\n<meta property=\"og:description\" content=\"DHSEAWORKS UNSERE FLOTTE DHSEAWORKS arbeitet mit 3 Schleppsaug baggern Den Herder Seaworks ist ein Familienunternehmen, das derzeit drei Hopperbagger betreibt, die speziell f\u00fcr die Gewinnung von Meeresaggregaten gebaut wurden. Den Herder Seaworks liefert und entl\u00e4dt seine Produkte\/Fracht an seine Kunden und Auftraggeber innerhalb Europas. In der Betreibergesellschaft Spauwer Marine Aggregates B.V. wurde der Bau eines [&hellip;]\" \/>\n<meta property=\"og:url\" content=\"https:\/\/dhseaworks.com\/de\/unsere-flotte\/\" \/>\n<meta property=\"og:site_name\" content=\"Dhseaworks.com\" \/>\n<meta property=\"article:modified_time\" content=\"2020-04-18T09:29:05+00:00\" \/>\n<meta name=\"twitter:card\" content=\"summary_large_image\" \/>\n<meta name=\"twitter:label1\" content=\"Gesch\u00e4tzte Lesezeit\" \/>\n\t<meta name=\"twitter:data1\" content=\"1\u00a0Minute\" \/>\n<script type=\"application\/ld+json\" class=\"yoast-schema-graph\">{\"@context\":\"https:\\\/\\\/schema.org\",\"@graph\":[{\"@type\":\"WebPage\",\"@id\":\"https:\\\/\\\/dhseaworks.com\\\/de\\\/unsere-flotte\\\/\",\"url\":\"https:\\\/\\\/dhseaworks.com\\\/de\\\/unsere-flotte\\\/\",\"name\":\"UNSERE FLOTTE - Dhseaworks.com\",\"isPartOf\":{\"@id\":\"https:\\\/\\\/dhseaworks.com\\\/#website\"},\"datePublished\":\"2020-04-02T05:11:31+00:00\",\"dateModified\":\"2020-04-18T09:29:05+00:00\",\"breadcrumb\":{\"@id\":\"https:\\\/\\\/dhseaworks.com\\\/de\\\/unsere-flotte\\\/#breadcrumb\"},\"inLanguage\":\"de\",\"potentialAction\":[{\"@type\":\"ReadAction\",\"target\":[\"https:\\\/\\\/dhseaworks.com\\\/de\\\/unsere-flotte\\\/\"]}]},{\"@type\":\"BreadcrumbList\",\"@id\":\"https:\\\/\\\/dhseaworks.com\\\/de\\\/unsere-flotte\\\/#breadcrumb\",\"itemListElement\":[{\"@type\":\"ListItem\",\"position\":1,\"name\":\"Home\",\"item\":\"https:\\\/\\\/dhseaworks.com\\\/de\\\/home\\\/\"},{\"@type\":\"ListItem\",\"position\":2,\"name\":\"UNSERE FLOTTE\"}]},{\"@type\":\"WebSite\",\"@id\":\"https:\\\/\\\/dhseaworks.com\\\/#website\",\"url\":\"https:\\\/\\\/dhseaworks.com\\\/\",\"name\":\"Dhseaworks.com\",\"description\":\"\",\"publisher\":{\"@id\":\"https:\\\/\\\/dhseaworks.com\\\/#organization\"},\"potentialAction\":[{\"@type\":\"SearchAction\",\"target\":{\"@type\":\"EntryPoint\",\"urlTemplate\":\"https:\\\/\\\/dhseaworks.com\\\/?s={search_term_string}\"},\"query-input\":{\"@type\":\"PropertyValueSpecification\",\"valueRequired\":true,\"valueName\":\"search_term_string\"}}],\"inLanguage\":\"de\"},{\"@type\":\"Organization\",\"@id\":\"https:\\\/\\\/dhseaworks.com\\\/#organization\",\"name\":\"Dhseaworks.com\",\"url\":\"https:\\\/\\\/dhseaworks.com\\\/\",\"logo\":{\"@type\":\"ImageObject\",\"inLanguage\":\"de\",\"@id\":\"https:\\\/\\\/dhseaworks.com\\\/#\\\/schema\\\/logo\\\/image\\\/\",\"url\":\"https:\\\/\\\/dhseaworks.com\\\/wp-content\\\/uploads\\\/2019\\\/11\\\/logo.png\",\"contentUrl\":\"https:\\\/\\\/dhseaworks.com\\\/wp-content\\\/uploads\\\/2019\\\/11\\\/logo.png\",\"width\":374,\"height\":95,\"caption\":\"Dhseaworks.com\"},\"image\":{\"@id\":\"https:\\\/\\\/dhseaworks.com\\\/#\\\/schema\\\/logo\\\/image\\\/\"}}]}<\/script>\n<!-- \/ Yoast SEO plugin. -->","yoast_head_json":{"title":"UNSERE FLOTTE - Dhseaworks.com","robots":{"index":"index","follow":"follow","max-snippet":"max-snippet:-1","max-image-preview":"max-image-preview:large","max-video-preview":"max-video-preview:-1"},"canonical":"https:\/\/dhseaworks.com\/de\/unsere-flotte\/","og_locale":"de_DE","og_type":"article","og_title":"UNSERE FLOTTE - Dhseaworks.com","og_description":"DHSEAWORKS UNSERE FLOTTE DHSEAWORKS arbeitet mit 3 Schleppsaug baggern Den Herder Seaworks ist ein Familienunternehmen, das derzeit drei Hopperbagger betreibt, die speziell f\u00fcr die Gewinnung von Meeresaggregaten gebaut wurden. Den Herder Seaworks liefert und entl\u00e4dt seine Produkte\/Fracht an seine Kunden und Auftraggeber innerhalb Europas. In der Betreibergesellschaft Spauwer Marine Aggregates B.V. wurde der Bau eines [&hellip;]","og_url":"https:\/\/dhseaworks.com\/de\/unsere-flotte\/","og_site_name":"Dhseaworks.com","article_modified_time":"2020-04-18T09:29:05+00:00","twitter_card":"summary_large_image","twitter_misc":{"Gesch\u00e4tzte Lesezeit":"1\u00a0Minute"},"schema":{"@context":"https:\/\/schema.org","@graph":[{"@type":"WebPage","@id":"https:\/\/dhseaworks.com\/de\/unsere-flotte\/","url":"https:\/\/dhseaworks.com\/de\/unsere-flotte\/","name":"UNSERE FLOTTE - Dhseaworks.com","isPartOf":{"@id":"https:\/\/dhseaworks.com\/#website"},"datePublished":"2020-04-02T05:11:31+00:00","dateModified":"2020-04-18T09:29:05+00:00","breadcrumb":{"@id":"https:\/\/dhseaworks.com\/de\/unsere-flotte\/#breadcrumb"},"inLanguage":"de","potentialAction":[{"@type":"ReadAction","target":["https:\/\/dhseaworks.com\/de\/unsere-flotte\/"]}]},{"@type":"BreadcrumbList","@id":"https:\/\/dhseaworks.com\/de\/unsere-flotte\/#breadcrumb","itemListElement":[{"@type":"ListItem","position":1,"name":"Home","item":"https:\/\/dhseaworks.com\/de\/home\/"},{"@type":"ListItem","position":2,"name":"UNSERE FLOTTE"}]},{"@type":"WebSite","@id":"https:\/\/dhseaworks.com\/#website","url":"https:\/\/dhseaworks.com\/","name":"Dhseaworks.com","description":"","publisher":{"@id":"https:\/\/dhseaworks.com\/#organization"},"potentialAction":[{"@type":"SearchAction","target":{"@type":"EntryPoint","urlTemplate":"https:\/\/dhseaworks.com\/?s={search_term_string}"},"query-input":{"@type":"PropertyValueSpecification","valueRequired":true,"valueName":"search_term_string"}}],"inLanguage":"de"},{"@type":"Organization","@id":"https:\/\/dhseaworks.com\/#organization","name":"Dhseaworks.com","url":"https:\/\/dhseaworks.com\/","logo":{"@type":"ImageObject","inLanguage":"de","@id":"https:\/\/dhseaworks.com\/#\/schema\/logo\/image\/","url":"https:\/\/dhseaworks.com\/wp-content\/uploads\/2019\/11\/logo.png","contentUrl":"https:\/\/dhseaworks.com\/wp-content\/uploads\/2019\/11\/logo.png","width":374,"height":95,"caption":"Dhseaworks.com"},"image":{"@id":"https:\/\/dhseaworks.com\/#\/schema\/logo\/image\/"}}]}},"_links":{"self":[{"href":"https:\/\/dhseaworks.com\/de\/wp-json\/wp\/v2\/pages\/801","targetHints":{"allow":["GET"]}}],"collection":[{"href":"https:\/\/dhseaworks.com\/de\/wp-json\/wp\/v2\/pages"}],"about":[{"href":"https:\/\/dhseaworks.com\/de\/wp-json\/wp\/v2\/types\/page"}],"author":[{"embeddable":true,"href":"https:\/\/dhseaworks.com\/de\/wp-json\/wp\/v2\/users\/1"}],"replies":[{"embeddable":true,"href":"https:\/\/dhseaworks.com\/de\/wp-json\/wp\/v2\/comments?post=801"}],"version-history":[{"count":5,"href":"https:\/\/dhseaworks.com\/de\/wp-json\/wp\/v2\/pages\/801\/revisions"}],"predecessor-version":[{"id":1106,"href":"https:\/\/dhseaworks.com\/de\/wp-json\/wp\/v2\/pages\/801\/revisions\/1106"}],"wp:attachment":[{"href":"https:\/\/dhseaworks.com\/de\/wp-json\/wp\/v2\/media?parent=801"}],"curies":[{"name":"wp","href":"https:\/\/api.w.org\/{rel}","templated":true}]}}