{"id":697,"date":"2020-04-02T04:34:51","date_gmt":"2020-04-02T03:34:51","guid":{"rendered":"https:\/\/dhseaworks.nl\/a-propos-de-nous\/"},"modified":"2020-04-18T10:26:41","modified_gmt":"2020-04-18T09:26:41","slug":"a-propos-de-nous","status":"publish","type":"page","link":"https:\/\/dhseaworks.com\/fr\/a-propos-de-nous\/","title":{"rendered":"\u00c0 PROPOS DE NOUS"},"content":{"rendered":"\t\t<div data-elementor-type=\"wp-page\" data-elementor-id=\"697\" class=\"elementor elementor-697 elementor-12\" data-elementor-post-type=\"page\">\n\t\t\t\t\t\t<section class=\"elementor-section elementor-top-section elementor-element elementor-element-4f520e1d elementor-section-height-min-height elementor-section-items-top elementor-section-boxed elementor-section-height-default\" data-id=\"4f520e1d\" data-element_type=\"section\" data-e-type=\"section\" data-settings=\"{&quot;background_background&quot;:&quot;classic&quot;}\">\n\t\t\t\t\t\t\t<div class=\"elementor-background-overlay\"><\/div>\n\t\t\t\t\t\t\t<div class=\"elementor-container elementor-column-gap-default\">\n\t\t\t\t\t<div class=\"elementor-column elementor-col-50 elementor-top-column elementor-element elementor-element-44d0d1e0\" data-id=\"44d0d1e0\" data-element_type=\"column\" data-e-type=\"column\">\n\t\t\t<div class=\"elementor-widget-wrap elementor-element-populated\">\n\t\t\t\t\t\t<div class=\"elementor-element elementor-element-77de5c2b elementor-widget elementor-widget-heading\" data-id=\"77de5c2b\" data-element_type=\"widget\" data-e-type=\"widget\" data-widget_type=\"heading.default\">\n\t\t\t\t<div class=\"elementor-widget-container\">\n\t\t\t\t\t<h4 class=\"elementor-heading-title elementor-size-default\">DHSEAWORKS<\/h4>\t\t\t\t<\/div>\n\t\t\t\t<\/div>\n\t\t\t\t<div class=\"elementor-element elementor-element-2a5b1908 elementor-widget elementor-widget-heading\" data-id=\"2a5b1908\" data-element_type=\"widget\" data-e-type=\"widget\" data-widget_type=\"heading.default\">\n\t\t\t\t<div class=\"elementor-widget-container\">\n\t\t\t\t\t<h2 class=\"elementor-heading-title elementor-size-default\">\u00c0 PROPOS DE NOUS<\/h2>\t\t\t\t<\/div>\n\t\t\t\t<\/div>\n\t\t\t\t\t<\/div>\n\t\t<\/div>\n\t\t\t\t<div class=\"elementor-column elementor-col-50 elementor-top-column elementor-element elementor-element-68698cc0\" data-id=\"68698cc0\" data-element_type=\"column\" data-e-type=\"column\">\n\t\t\t<div class=\"elementor-widget-wrap\">\n\t\t\t\t\t\t\t<\/div>\n\t\t<\/div>\n\t\t\t\t\t<\/div>\n\t\t<\/section>\n\t\t\t\t<section class=\"elementor-section elementor-top-section elementor-element elementor-element-a0bbcfc elementor-section-boxed elementor-section-height-default elementor-section-height-default\" data-id=\"a0bbcfc\" data-element_type=\"section\" data-e-type=\"section\">\n\t\t\t\t\t\t<div class=\"elementor-container elementor-column-gap-default\">\n\t\t\t\t\t<div class=\"elementor-column elementor-col-100 elementor-top-column elementor-element elementor-element-de299bb\" data-id=\"de299bb\" data-element_type=\"column\" data-e-type=\"column\">\n\t\t\t<div class=\"elementor-widget-wrap elementor-element-populated\">\n\t\t\t\t\t\t<div class=\"elementor-element elementor-element-b155859 elementor-view-default elementor-widget elementor-widget-icon\" data-id=\"b155859\" data-element_type=\"widget\" data-e-type=\"widget\" data-widget_type=\"icon.default\">\n\t\t\t\t<div class=\"elementor-widget-container\">\n\t\t\t\t\t\t\t<div class=\"elementor-icon-wrapper\">\n\t\t\t<div class=\"elementor-icon\">\n\t\t\t<i aria-hidden=\"true\" class=\"fas fa-chevron-down\"><\/i>\t\t\t<\/div>\n\t\t<\/div>\n\t\t\t\t\t\t<\/div>\n\t\t\t\t<\/div>\n\t\t\t\t\t<\/div>\n\t\t<\/div>\n\t\t\t\t\t<\/div>\n\t\t<\/section>\n\t\t\t\t<section class=\"elementor-section elementor-top-section elementor-element elementor-element-727dea9e elementor-section-boxed elementor-section-height-default elementor-section-height-default\" data-id=\"727dea9e\" data-element_type=\"section\" data-e-type=\"section\">\n\t\t\t\t\t\t<div class=\"elementor-container elementor-column-gap-default\">\n\t\t\t\t\t<div class=\"elementor-column elementor-col-50 elementor-top-column elementor-element elementor-element-6d9b3ef5\" data-id=\"6d9b3ef5\" data-element_type=\"column\" data-e-type=\"column\">\n\t\t\t<div class=\"elementor-widget-wrap elementor-element-populated\">\n\t\t\t\t\t\t<div class=\"elementor-element elementor-element-6852ca8b elementor-widget elementor-widget-heading\" data-id=\"6852ca8b\" data-element_type=\"widget\" data-e-type=\"widget\" data-widget_type=\"heading.default\">\n\t\t\t\t<div class=\"elementor-widget-container\">\n\t\t\t\t\t<h4 class=\"elementor-heading-title elementor-size-default\">Notre entreprise familiale<\/h4>\t\t\t\t<\/div>\n\t\t\t\t<\/div>\n\t\t\t\t<div class=\"elementor-element elementor-element-5c1ae83 elementor-widget elementor-widget-heading\" data-id=\"5c1ae83\" data-element_type=\"widget\" data-e-type=\"widget\" data-widget_type=\"heading.default\">\n\t\t\t\t<div class=\"elementor-widget-container\">\n\t\t\t\t\t<h2 class=\"elementor-heading-title elementor-size-default\">\u00c0 propos de DH Seaworks<\/h2>\t\t\t\t<\/div>\n\t\t\t\t<\/div>\n\t\t\t\t\t<\/div>\n\t\t<\/div>\n\t\t\t\t<div class=\"elementor-column elementor-col-50 elementor-top-column elementor-element elementor-element-4e788e4c\" data-id=\"4e788e4c\" data-element_type=\"column\" data-e-type=\"column\">\n\t\t\t<div class=\"elementor-widget-wrap elementor-element-populated\">\n\t\t\t\t\t\t<div class=\"elementor-element elementor-element-4216cb50 elementor-widget elementor-widget-text-editor\" data-id=\"4216cb50\" data-element_type=\"widget\" data-e-type=\"widget\" data-widget_type=\"text-editor.default\">\n\t\t\t\t<div class=\"elementor-widget-container\">\n\t\t\t\t\t\t\t\t\t<p>Den Helder Seaworks est une entreprise familiale internationale appartenant aux fr\u00e8res Den Helder. Les quatre fr\u00e8res occupent diff\u00e9rents postes au sein de l&rsquo;entreprise.<\/p>\n<p>Gr\u00e2ce \u00e0 des dragues suceuses \u00e0 tr\u00e9mie modernes \u00e9quip\u00e9es d&rsquo;installations d&rsquo;extraction et de d\u00e9chargement d\u00e9velopp\u00e9es en interne, les clients et les donneurs d&rsquo;ordre sont rapidement et efficacement approvisionn\u00e9s en sable et en gravier provenant de plusieurs zones de concession auxquelles Den Helder Seaworks a acc\u00e8s \u00e0 long terme.<\/p>\n<p>En plus des services d&rsquo;extraction, de transport et de d\u00e9chargement d&rsquo;agr\u00e9gats marins pour des tiers, Den Helder Seaworks fournit \u00e9galement du sable certifi\u00e9, selon la norme BRL 9313, provenant de ses propres zones de concession du plateau continental n\u00e9erlandais.<\/p>\n<p>L&rsquo;entreprise familiale se compose de la Holding Den Helder Seaworks B.V., qui comprend les soci\u00e9t\u00e9s d&rsquo;exploitation suivantes avec leurs navires:<\/p>\n<ul>\n<li>Spauwer Marine Aggregates B.V.<\/li>\n<li>Scelveringhe Scheepvaart B.V.<\/li>\n<li>Swalinge Scheepvaart B.V.<\/li>\n<\/ul>\n<p>Les navires sont g\u00e9r\u00e9s et exploit\u00e9s par les soci\u00e9t\u00e9s d&rsquo;exploitation susmentionn\u00e9es. Le Spauwer a \u00e9t\u00e9 con\u00e7u en interne, la coque a \u00e9t\u00e9 construite en Chine et, sous la direction de notre DT, le Spauwer a \u00e9t\u00e9 compl\u00e9t\u00e9 aux Pays-Bas.<\/p>\n\t\t\t\t\t\t\t\t<\/div>\n\t\t\t\t<\/div>\n\t\t\t\t\t<\/div>\n\t\t<\/div>\n\t\t\t\t\t<\/div>\n\t\t<\/section>\n\t\t\t\t<section class=\"elementor-section elementor-inner-section elementor-element elementor-element-49282df elementor-section-boxed elementor-section-height-default elementor-section-height-default\" data-id=\"49282df\" data-element_type=\"section\" data-e-type=\"section\">\n\t\t\t\t\t\t<div class=\"elementor-container elementor-column-gap-default\">\n\t\t\t\t\t<div class=\"elementor-column elementor-col-33 elementor-inner-column elementor-element elementor-element-cc80f17\" data-id=\"cc80f17\" data-element_type=\"column\" data-e-type=\"column\">\n\t\t\t<div class=\"elementor-widget-wrap elementor-element-populated\">\n\t\t\t\t\t\t<div class=\"elementor-element elementor-element-907c882 elementor-flip-box--effect-fade elementor-widget elementor-widget-flip-box\" data-id=\"907c882\" data-element_type=\"widget\" data-e-type=\"widget\" data-widget_type=\"flip-box.default\">\n\t\t\t\t<div class=\"elementor-widget-container\">\n\t\t\t\t\t\t\t<div class=\"elementor-flip-box\" tabindex=\"0\">\n\t\t\t<div class=\"elementor-flip-box__layer elementor-flip-box__front\">\n\t\t\t\t<div class=\"elementor-flip-box__layer__overlay\">\n\t\t\t\t\t<div class=\"elementor-flip-box__layer__inner\">\n\t\t\t\t\t\t\n\t\t\t\t\t\t\t\t\t\t\t\t\t<h3 class=\"elementor-flip-box__layer__title\">\n\t\t\t\t\t\t\t\tTSHD SPAUWER\t\t\t\t\t\t\t<\/h3>\n\t\t\t\t\t\t\n\t\t\t\t\t\t\t\t\t\t\t<\/div>\n\t\t\t\t<\/div>\n\t\t\t<\/div>\n\t\t\t<a class=\"elementor-flip-box__layer elementor-flip-box__back\" href=\"\/fr\/tshd-spauwer\/\">\n\t\t\t<div class=\"elementor-flip-box__layer__overlay\">\n\t\t\t\t<div class=\"elementor-flip-box__layer__inner\">\n\t\t\t\t\t\n\t\t\t\t\t\n\t\t\t\t\t\t\t\t<\/div>\n\t\t<\/div>\n\t\t<\/a>\n\t\t<\/div>\n\t\t\t\t\t\t<\/div>\n\t\t\t\t<\/div>\n\t\t\t\t\t<\/div>\n\t\t<\/div>\n\t\t\t\t<div class=\"elementor-column elementor-col-33 elementor-inner-column elementor-element elementor-element-29d01ce\" data-id=\"29d01ce\" data-element_type=\"column\" data-e-type=\"column\">\n\t\t\t<div class=\"elementor-widget-wrap elementor-element-populated\">\n\t\t\t\t\t\t<div class=\"elementor-element elementor-element-1654d15 elementor-flip-box--effect-fade elementor-widget elementor-widget-flip-box\" data-id=\"1654d15\" data-element_type=\"widget\" data-e-type=\"widget\" data-widget_type=\"flip-box.default\">\n\t\t\t\t<div class=\"elementor-widget-container\">\n\t\t\t\t\t\t\t<div class=\"elementor-flip-box\" tabindex=\"0\">\n\t\t\t<div class=\"elementor-flip-box__layer elementor-flip-box__front\">\n\t\t\t\t<div class=\"elementor-flip-box__layer__overlay\">\n\t\t\t\t\t<div class=\"elementor-flip-box__layer__inner\">\n\t\t\t\t\t\t\n\t\t\t\t\t\t\t\t\t\t\t\t\t<h3 class=\"elementor-flip-box__layer__title\">\n\t\t\t\t\t\t\t\tTSHD SCELVERINGHE \t\t\t\t\t\t\t<\/h3>\n\t\t\t\t\t\t\n\t\t\t\t\t\t\t\t\t\t\t<\/div>\n\t\t\t\t<\/div>\n\t\t\t<\/div>\n\t\t\t<a class=\"elementor-flip-box__layer elementor-flip-box__back\" href=\"\/fr\/tshd-scelveringhe\/\">\n\t\t\t<div class=\"elementor-flip-box__layer__overlay\">\n\t\t\t\t<div class=\"elementor-flip-box__layer__inner\">\n\t\t\t\t\t\n\t\t\t\t\t\n\t\t\t\t\t\t\t\t<\/div>\n\t\t<\/div>\n\t\t<\/a>\n\t\t<\/div>\n\t\t\t\t\t\t<\/div>\n\t\t\t\t<\/div>\n\t\t\t\t\t<\/div>\n\t\t<\/div>\n\t\t\t\t<div class=\"elementor-column elementor-col-33 elementor-inner-column elementor-element elementor-element-0ec5866\" data-id=\"0ec5866\" data-element_type=\"column\" data-e-type=\"column\">\n\t\t\t<div class=\"elementor-widget-wrap elementor-element-populated\">\n\t\t\t\t\t\t<div class=\"elementor-element elementor-element-a1253b7 elementor-flip-box--effect-fade elementor-widget elementor-widget-flip-box\" data-id=\"a1253b7\" data-element_type=\"widget\" data-e-type=\"widget\" data-widget_type=\"flip-box.default\">\n\t\t\t\t<div class=\"elementor-widget-container\">\n\t\t\t\t\t\t\t<div class=\"elementor-flip-box\" tabindex=\"0\">\n\t\t\t<div class=\"elementor-flip-box__layer elementor-flip-box__front\">\n\t\t\t\t<div class=\"elementor-flip-box__layer__overlay\">\n\t\t\t\t\t<div class=\"elementor-flip-box__layer__inner\">\n\t\t\t\t\t\t\n\t\t\t\t\t\t\t\t\t\t\t\t\t<h3 class=\"elementor-flip-box__layer__title\">\n\t\t\t\t\t\t\t\tTSHD SWALINGE\t\t\t\t\t\t\t<\/h3>\n\t\t\t\t\t\t\n\t\t\t\t\t\t\t\t\t\t\t<\/div>\n\t\t\t\t<\/div>\n\t\t\t<\/div>\n\t\t\t<a class=\"elementor-flip-box__layer elementor-flip-box__back\" href=\"\/fr\/tshd-swalinge\/\">\n\t\t\t<div class=\"elementor-flip-box__layer__overlay\">\n\t\t\t\t<div class=\"elementor-flip-box__layer__inner\">\n\t\t\t\t\t\n\t\t\t\t\t\n\t\t\t\t\t\t\t\t<\/div>\n\t\t<\/div>\n\t\t<\/a>\n\t\t<\/div>\n\t\t\t\t\t\t<\/div>\n\t\t\t\t<\/div>\n\t\t\t\t\t<\/div>\n\t\t<\/div>\n\t\t\t\t\t<\/div>\n\t\t<\/section>\n\t\t\t\t<\/div>\n\t\t","protected":false},"excerpt":{"rendered":"<p>DHSEAWORKS \u00c0 PROPOS DE NOUS Notre entreprise familiale \u00c0 propos de DH Seaworks Den Helder Seaworks est une entreprise familiale internationale appartenant aux fr\u00e8res Den Helder. Les quatre fr\u00e8res occupent diff\u00e9rents postes au sein de l&rsquo;entreprise. Gr\u00e2ce \u00e0 des dragues suceuses \u00e0 tr\u00e9mie modernes \u00e9quip\u00e9es d&rsquo;installations d&rsquo;extraction et de d\u00e9chargement d\u00e9velopp\u00e9es en interne, les clients [&hellip;]<\/p>\n","protected":false},"author":1,"featured_media":0,"parent":0,"menu_order":0,"comment_status":"closed","ping_status":"closed","template":"","meta":{"site-sidebar-layout":"default","site-content-layout":"page-builder","ast-site-content-layout":"default","site-content-style":"default","site-sidebar-style":"default","ast-global-header-display":"","ast-banner-title-visibility":"","ast-main-header-display":"","ast-hfb-above-header-display":"","ast-hfb-below-header-display":"","ast-hfb-mobile-header-display":"","site-post-title":"disabled","ast-breadcrumbs-content":"","ast-featured-img":"","footer-sml-layout":"","ast-disable-related-posts":"","theme-transparent-header-meta":"default","adv-header-id-meta":"","stick-header-meta":"","header-above-stick-meta":"","header-main-stick-meta":"","header-below-stick-meta":"","astra-migrate-meta-layouts":"default","ast-page-background-enabled":"default","ast-page-background-meta":{"desktop":{"background-color":"","background-image":"","background-repeat":"repeat","background-position":"center center","background-size":"auto","background-attachment":"scroll","background-type":"","background-media":"","overlay-type":"","overlay-color":"","overlay-opacity":"","overlay-gradient":""},"tablet":{"background-color":"","background-image":"","background-repeat":"repeat","background-position":"center center","background-size":"auto","background-attachment":"scroll","background-type":"","background-media":"","overlay-type":"","overlay-color":"","overlay-opacity":"","overlay-gradient":""},"mobile":{"background-color":"","background-image":"","background-repeat":"repeat","background-position":"center center","background-size":"auto","background-attachment":"scroll","background-type":"","background-media":"","overlay-type":"","overlay-color":"","overlay-opacity":"","overlay-gradient":""}},"ast-content-background-meta":{"desktop":{"background-color":"var(--ast-global-color-5)","background-image":"","background-repeat":"repeat","background-position":"center center","background-size":"auto","background-attachment":"scroll","background-type":"","background-media":"","overlay-type":"","overlay-color":"","overlay-opacity":"","overlay-gradient":""},"tablet":{"background-color":"var(--ast-global-color-5)","background-image":"","background-repeat":"repeat","background-position":"center center","background-size":"auto","background-attachment":"scroll","background-type":"","background-media":"","overlay-type":"","overlay-color":"","overlay-opacity":"","overlay-gradient":""},"mobile":{"background-color":"var(--ast-global-color-5)","background-image":"","background-repeat":"repeat","background-position":"center center","background-size":"auto","background-attachment":"scroll","background-type":"","background-media":"","overlay-type":"","overlay-color":"","overlay-opacity":"","overlay-gradient":""}},"footnotes":""},"class_list":["post-697","page","type-page","status-publish","hentry"],"yoast_head":"<!-- This site is optimized with the Yoast SEO plugin v27.3 - https:\/\/yoast.com\/product\/yoast-seo-wordpress\/ -->\n<title>\u00c0 PROPOS DE NOUS - Dhseaworks.com<\/title>\n<meta name=\"robots\" content=\"index, follow, max-snippet:-1, max-image-preview:large, max-video-preview:-1\" \/>\n<link rel=\"canonical\" href=\"https:\/\/dhseaworks.com\/fr\/a-propos-de-nous\/\" \/>\n<meta property=\"og:locale\" content=\"fr_FR\" \/>\n<meta property=\"og:type\" content=\"article\" \/>\n<meta property=\"og:title\" content=\"\u00c0 PROPOS DE NOUS - Dhseaworks.com\" \/>\n<meta property=\"og:description\" content=\"DHSEAWORKS \u00c0 PROPOS DE NOUS Notre entreprise familiale \u00c0 propos de DH Seaworks Den Helder Seaworks est une entreprise familiale internationale appartenant aux fr\u00e8res Den Helder. Les quatre fr\u00e8res occupent diff\u00e9rents postes au sein de l&rsquo;entreprise. Gr\u00e2ce \u00e0 des dragues suceuses \u00e0 tr\u00e9mie modernes \u00e9quip\u00e9es d&rsquo;installations d&rsquo;extraction et de d\u00e9chargement d\u00e9velopp\u00e9es en interne, les clients [&hellip;]\" \/>\n<meta property=\"og:url\" content=\"https:\/\/dhseaworks.com\/fr\/a-propos-de-nous\/\" \/>\n<meta property=\"og:site_name\" content=\"Dhseaworks.com\" \/>\n<meta property=\"article:modified_time\" content=\"2020-04-18T09:26:41+00:00\" \/>\n<meta name=\"twitter:card\" content=\"summary_large_image\" \/>\n<meta name=\"twitter:label1\" content=\"Dur\u00e9e de lecture estim\u00e9e\" \/>\n\t<meta name=\"twitter:data1\" content=\"1 minute\" \/>\n<script type=\"application\/ld+json\" class=\"yoast-schema-graph\">{\"@context\":\"https:\\\/\\\/schema.org\",\"@graph\":[{\"@type\":\"WebPage\",\"@id\":\"https:\\\/\\\/dhseaworks.com\\\/fr\\\/a-propos-de-nous\\\/\",\"url\":\"https:\\\/\\\/dhseaworks.com\\\/fr\\\/a-propos-de-nous\\\/\",\"name\":\"\u00c0 PROPOS DE NOUS - Dhseaworks.com\",\"isPartOf\":{\"@id\":\"https:\\\/\\\/dhseaworks.com\\\/#website\"},\"datePublished\":\"2020-04-02T03:34:51+00:00\",\"dateModified\":\"2020-04-18T09:26:41+00:00\",\"breadcrumb\":{\"@id\":\"https:\\\/\\\/dhseaworks.com\\\/fr\\\/a-propos-de-nous\\\/#breadcrumb\"},\"inLanguage\":\"fr-FR\",\"potentialAction\":[{\"@type\":\"ReadAction\",\"target\":[\"https:\\\/\\\/dhseaworks.com\\\/fr\\\/a-propos-de-nous\\\/\"]}]},{\"@type\":\"BreadcrumbList\",\"@id\":\"https:\\\/\\\/dhseaworks.com\\\/fr\\\/a-propos-de-nous\\\/#breadcrumb\",\"itemListElement\":[{\"@type\":\"ListItem\",\"position\":1,\"name\":\"Home\",\"item\":\"https:\\\/\\\/dhseaworks.com\\\/fr\\\/accueil\\\/\"},{\"@type\":\"ListItem\",\"position\":2,\"name\":\"\u00c0 PROPOS DE NOUS\"}]},{\"@type\":\"WebSite\",\"@id\":\"https:\\\/\\\/dhseaworks.com\\\/#website\",\"url\":\"https:\\\/\\\/dhseaworks.com\\\/\",\"name\":\"Dhseaworks.com\",\"description\":\"\",\"publisher\":{\"@id\":\"https:\\\/\\\/dhseaworks.com\\\/#organization\"},\"potentialAction\":[{\"@type\":\"SearchAction\",\"target\":{\"@type\":\"EntryPoint\",\"urlTemplate\":\"https:\\\/\\\/dhseaworks.com\\\/?s={search_term_string}\"},\"query-input\":{\"@type\":\"PropertyValueSpecification\",\"valueRequired\":true,\"valueName\":\"search_term_string\"}}],\"inLanguage\":\"fr-FR\"},{\"@type\":\"Organization\",\"@id\":\"https:\\\/\\\/dhseaworks.com\\\/#organization\",\"name\":\"Dhseaworks.com\",\"url\":\"https:\\\/\\\/dhseaworks.com\\\/\",\"logo\":{\"@type\":\"ImageObject\",\"inLanguage\":\"fr-FR\",\"@id\":\"https:\\\/\\\/dhseaworks.com\\\/#\\\/schema\\\/logo\\\/image\\\/\",\"url\":\"https:\\\/\\\/dhseaworks.com\\\/wp-content\\\/uploads\\\/2019\\\/11\\\/logo.png\",\"contentUrl\":\"https:\\\/\\\/dhseaworks.com\\\/wp-content\\\/uploads\\\/2019\\\/11\\\/logo.png\",\"width\":374,\"height\":95,\"caption\":\"Dhseaworks.com\"},\"image\":{\"@id\":\"https:\\\/\\\/dhseaworks.com\\\/#\\\/schema\\\/logo\\\/image\\\/\"}}]}<\/script>\n<!-- \/ Yoast SEO plugin. -->","yoast_head_json":{"title":"\u00c0 PROPOS DE NOUS - Dhseaworks.com","robots":{"index":"index","follow":"follow","max-snippet":"max-snippet:-1","max-image-preview":"max-image-preview:large","max-video-preview":"max-video-preview:-1"},"canonical":"https:\/\/dhseaworks.com\/fr\/a-propos-de-nous\/","og_locale":"fr_FR","og_type":"article","og_title":"\u00c0 PROPOS DE NOUS - Dhseaworks.com","og_description":"DHSEAWORKS \u00c0 PROPOS DE NOUS Notre entreprise familiale \u00c0 propos de DH Seaworks Den Helder Seaworks est une entreprise familiale internationale appartenant aux fr\u00e8res Den Helder. Les quatre fr\u00e8res occupent diff\u00e9rents postes au sein de l&rsquo;entreprise. Gr\u00e2ce \u00e0 des dragues suceuses \u00e0 tr\u00e9mie modernes \u00e9quip\u00e9es d&rsquo;installations d&rsquo;extraction et de d\u00e9chargement d\u00e9velopp\u00e9es en interne, les clients [&hellip;]","og_url":"https:\/\/dhseaworks.com\/fr\/a-propos-de-nous\/","og_site_name":"Dhseaworks.com","article_modified_time":"2020-04-18T09:26:41+00:00","twitter_card":"summary_large_image","twitter_misc":{"Dur\u00e9e de lecture estim\u00e9e":"1 minute"},"schema":{"@context":"https:\/\/schema.org","@graph":[{"@type":"WebPage","@id":"https:\/\/dhseaworks.com\/fr\/a-propos-de-nous\/","url":"https:\/\/dhseaworks.com\/fr\/a-propos-de-nous\/","name":"\u00c0 PROPOS DE NOUS - Dhseaworks.com","isPartOf":{"@id":"https:\/\/dhseaworks.com\/#website"},"datePublished":"2020-04-02T03:34:51+00:00","dateModified":"2020-04-18T09:26:41+00:00","breadcrumb":{"@id":"https:\/\/dhseaworks.com\/fr\/a-propos-de-nous\/#breadcrumb"},"inLanguage":"fr-FR","potentialAction":[{"@type":"ReadAction","target":["https:\/\/dhseaworks.com\/fr\/a-propos-de-nous\/"]}]},{"@type":"BreadcrumbList","@id":"https:\/\/dhseaworks.com\/fr\/a-propos-de-nous\/#breadcrumb","itemListElement":[{"@type":"ListItem","position":1,"name":"Home","item":"https:\/\/dhseaworks.com\/fr\/accueil\/"},{"@type":"ListItem","position":2,"name":"\u00c0 PROPOS DE NOUS"}]},{"@type":"WebSite","@id":"https:\/\/dhseaworks.com\/#website","url":"https:\/\/dhseaworks.com\/","name":"Dhseaworks.com","description":"","publisher":{"@id":"https:\/\/dhseaworks.com\/#organization"},"potentialAction":[{"@type":"SearchAction","target":{"@type":"EntryPoint","urlTemplate":"https:\/\/dhseaworks.com\/?s={search_term_string}"},"query-input":{"@type":"PropertyValueSpecification","valueRequired":true,"valueName":"search_term_string"}}],"inLanguage":"fr-FR"},{"@type":"Organization","@id":"https:\/\/dhseaworks.com\/#organization","name":"Dhseaworks.com","url":"https:\/\/dhseaworks.com\/","logo":{"@type":"ImageObject","inLanguage":"fr-FR","@id":"https:\/\/dhseaworks.com\/#\/schema\/logo\/image\/","url":"https:\/\/dhseaworks.com\/wp-content\/uploads\/2019\/11\/logo.png","contentUrl":"https:\/\/dhseaworks.com\/wp-content\/uploads\/2019\/11\/logo.png","width":374,"height":95,"caption":"Dhseaworks.com"},"image":{"@id":"https:\/\/dhseaworks.com\/#\/schema\/logo\/image\/"}}]}},"_links":{"self":[{"href":"https:\/\/dhseaworks.com\/fr\/wp-json\/wp\/v2\/pages\/697","targetHints":{"allow":["GET"]}}],"collection":[{"href":"https:\/\/dhseaworks.com\/fr\/wp-json\/wp\/v2\/pages"}],"about":[{"href":"https:\/\/dhseaworks.com\/fr\/wp-json\/wp\/v2\/types\/page"}],"author":[{"embeddable":true,"href":"https:\/\/dhseaworks.com\/fr\/wp-json\/wp\/v2\/users\/1"}],"replies":[{"embeddable":true,"href":"https:\/\/dhseaworks.com\/fr\/wp-json\/wp\/v2\/comments?post=697"}],"version-history":[{"count":5,"href":"https:\/\/dhseaworks.com\/fr\/wp-json\/wp\/v2\/pages\/697\/revisions"}],"predecessor-version":[{"id":1097,"href":"https:\/\/dhseaworks.com\/fr\/wp-json\/wp\/v2\/pages\/697\/revisions\/1097"}],"wp:attachment":[{"href":"https:\/\/dhseaworks.com\/fr\/wp-json\/wp\/v2\/media?parent=697"}],"curies":[{"name":"wp","href":"https:\/\/api.w.org\/{rel}","templated":true}]}}