{"id":702,"date":"2020-04-02T04:37:58","date_gmt":"2020-04-02T03:37:58","guid":{"rendered":"https:\/\/dhseaworks.nl\/histoire\/"},"modified":"2020-04-18T10:25:52","modified_gmt":"2020-04-18T09:25:52","slug":"histoire","status":"publish","type":"page","link":"https:\/\/dhseaworks.com\/fr\/histoire\/","title":{"rendered":"HISTOIRE"},"content":{"rendered":"\t\t<div data-elementor-type=\"wp-page\" data-elementor-id=\"702\" class=\"elementor elementor-702 elementor-14\" data-elementor-post-type=\"page\">\n\t\t\t\t\t\t<section class=\"elementor-section elementor-top-section elementor-element elementor-element-37f9867 elementor-section-height-min-height elementor-section-items-top elementor-section-boxed elementor-section-height-default\" data-id=\"37f9867\" data-element_type=\"section\" data-e-type=\"section\" data-settings=\"{&quot;background_background&quot;:&quot;classic&quot;}\">\n\t\t\t\t\t\t\t<div class=\"elementor-background-overlay\"><\/div>\n\t\t\t\t\t\t\t<div class=\"elementor-container elementor-column-gap-default\">\n\t\t\t\t\t<div class=\"elementor-column elementor-col-50 elementor-top-column elementor-element elementor-element-076531c\" data-id=\"076531c\" data-element_type=\"column\" data-e-type=\"column\">\n\t\t\t<div class=\"elementor-widget-wrap elementor-element-populated\">\n\t\t\t\t\t\t<div class=\"elementor-element elementor-element-62b48ea elementor-widget elementor-widget-heading\" data-id=\"62b48ea\" data-element_type=\"widget\" data-e-type=\"widget\" data-widget_type=\"heading.default\">\n\t\t\t\t<div class=\"elementor-widget-container\">\n\t\t\t\t\t<h4 class=\"elementor-heading-title elementor-size-default\">DHSEAWORKS<\/h4>\t\t\t\t<\/div>\n\t\t\t\t<\/div>\n\t\t\t\t<div class=\"elementor-element elementor-element-0ae4bed elementor-widget elementor-widget-heading\" data-id=\"0ae4bed\" data-element_type=\"widget\" data-e-type=\"widget\" data-widget_type=\"heading.default\">\n\t\t\t\t<div class=\"elementor-widget-container\">\n\t\t\t\t\t<h2 class=\"elementor-heading-title elementor-size-default\">HISTOIRE<\/h2>\t\t\t\t<\/div>\n\t\t\t\t<\/div>\n\t\t\t\t\t<\/div>\n\t\t<\/div>\n\t\t\t\t<div class=\"elementor-column elementor-col-50 elementor-top-column elementor-element elementor-element-b5a795b\" data-id=\"b5a795b\" data-element_type=\"column\" data-e-type=\"column\">\n\t\t\t<div class=\"elementor-widget-wrap\">\n\t\t\t\t\t\t\t<\/div>\n\t\t<\/div>\n\t\t\t\t\t<\/div>\n\t\t<\/section>\n\t\t\t\t<section class=\"elementor-section elementor-top-section elementor-element elementor-element-5b58a01 elementor-section-boxed elementor-section-height-default elementor-section-height-default\" data-id=\"5b58a01\" data-element_type=\"section\" data-e-type=\"section\">\n\t\t\t\t\t\t<div class=\"elementor-container elementor-column-gap-default\">\n\t\t\t\t\t<div class=\"elementor-column elementor-col-100 elementor-top-column elementor-element elementor-element-41490e7\" data-id=\"41490e7\" data-element_type=\"column\" data-e-type=\"column\">\n\t\t\t<div class=\"elementor-widget-wrap elementor-element-populated\">\n\t\t\t\t\t\t<div class=\"elementor-element elementor-element-a3a0157 elementor-view-default elementor-widget elementor-widget-icon\" data-id=\"a3a0157\" data-element_type=\"widget\" data-e-type=\"widget\" data-widget_type=\"icon.default\">\n\t\t\t\t<div class=\"elementor-widget-container\">\n\t\t\t\t\t\t\t<div class=\"elementor-icon-wrapper\">\n\t\t\t<div class=\"elementor-icon\">\n\t\t\t<i aria-hidden=\"true\" class=\"fas fa-chevron-down\"><\/i>\t\t\t<\/div>\n\t\t<\/div>\n\t\t\t\t\t\t<\/div>\n\t\t\t\t<\/div>\n\t\t\t\t\t<\/div>\n\t\t<\/div>\n\t\t\t\t\t<\/div>\n\t\t<\/section>\n\t\t\t\t<section class=\"elementor-section elementor-top-section elementor-element elementor-element-fba36b4 elementor-section-boxed elementor-section-height-default elementor-section-height-default\" data-id=\"fba36b4\" data-element_type=\"section\" data-e-type=\"section\">\n\t\t\t\t\t\t<div class=\"elementor-container elementor-column-gap-default\">\n\t\t\t\t\t<div class=\"elementor-column elementor-col-50 elementor-top-column elementor-element elementor-element-b9220f5\" data-id=\"b9220f5\" data-element_type=\"column\" data-e-type=\"column\">\n\t\t\t<div class=\"elementor-widget-wrap elementor-element-populated\">\n\t\t\t\t\t\t<div class=\"elementor-element elementor-element-01f0e48 elementor-widget elementor-widget-heading\" data-id=\"01f0e48\" data-element_type=\"widget\" data-e-type=\"widget\" data-widget_type=\"heading.default\">\n\t\t\t\t<div class=\"elementor-widget-container\">\n\t\t\t\t\t<h4 class=\"elementor-heading-title elementor-size-default\">Un morceau de notre pass\u00e9<\/h4>\t\t\t\t<\/div>\n\t\t\t\t<\/div>\n\t\t\t\t<div class=\"elementor-element elementor-element-21fb973 elementor-widget elementor-widget-heading\" data-id=\"21fb973\" data-element_type=\"widget\" data-e-type=\"widget\" data-widget_type=\"heading.default\">\n\t\t\t\t<div class=\"elementor-widget-container\">\n\t\t\t\t\t<h2 class=\"elementor-heading-title elementor-size-default\">Notre histoire<\/h2>\t\t\t\t<\/div>\n\t\t\t\t<\/div>\n\t\t\t\t<div class=\"elementor-element elementor-element-63d6437 elementor-widget elementor-widget-image\" data-id=\"63d6437\" data-element_type=\"widget\" data-e-type=\"widget\" data-widget_type=\"image.default\">\n\t\t\t\t<div class=\"elementor-widget-container\">\n\t\t\t\t\t\t\t\t\t\t\t\t\t\t\t<img fetchpriority=\"high\" decoding=\"async\" width=\"800\" height=\"545\" src=\"https:\/\/dhseaworks.com\/wp-content\/uploads\/2019\/12\/historie1.jpg\" class=\"attachment-large size-large wp-image-512\" alt=\"\" srcset=\"https:\/\/dhseaworks.com\/wp-content\/uploads\/2019\/12\/historie1.jpg 800w, https:\/\/dhseaworks.com\/wp-content\/uploads\/2019\/12\/historie1-300x204.jpg 300w, https:\/\/dhseaworks.com\/wp-content\/uploads\/2019\/12\/historie1-768x523.jpg 768w\" sizes=\"(max-width: 800px) 100vw, 800px\" \/>\t\t\t\t\t\t\t\t\t\t\t\t\t\t\t<\/div>\n\t\t\t\t<\/div>\n\t\t\t\t\t<\/div>\n\t\t<\/div>\n\t\t\t\t<div class=\"elementor-column elementor-col-50 elementor-top-column elementor-element elementor-element-1950be7\" data-id=\"1950be7\" data-element_type=\"column\" data-e-type=\"column\">\n\t\t\t<div class=\"elementor-widget-wrap elementor-element-populated\">\n\t\t\t\t\t\t<div class=\"elementor-element elementor-element-971d1b5 elementor-widget elementor-widget-text-editor\" data-id=\"971d1b5\" data-element_type=\"widget\" data-e-type=\"widget\" data-widget_type=\"text-editor.default\">\n\t\t\t\t<div class=\"elementor-widget-container\">\n\t\t\t\t\t\t\t\t\t<p>L&rsquo;entreprise familiale a \u00e9t\u00e9 fond\u00e9e au d\u00e9but des ann\u00e9es 70 par M. A. den Helder sr. et s&rsquo;est d&rsquo;abord concentr\u00e9e sur l&rsquo;extraction de sable dans les eaux int\u00e9rieures n\u00e9erlandaises. Dans les ann\u00e9es 80, ils sont pass\u00e9s \u00e0 l&rsquo;extraction de granulats marins en mer.<\/p>\n<p>Den Helder Seaworks est un important prestataire de services ind\u00e9pendant dans le domaine de l&rsquo;extraction de sable et de gravier en Europe du Nord. Les clients sont fournis avec des dragues suceuses \u00e0 tr\u00e9mie tra\u00eenantes de pointe en Angleterre, en France, en Belgique, en Allemagne, en Pologne, aux Pays-Bas et dans un certain nombre de pays riverains de la mer Baltique.<\/p>\n<p>L&rsquo;entreprise de 40 ans est pass\u00e9e de p\u00e8re \u00e0 quatre fils, qui occupent tous divers postes au sein de l&rsquo;entreprise et sont \u00e9galement actionnaires de Den Helder Seaworks.<\/p>\n<p><strong>TSHD SAEFTINGE<\/strong><br \/>La Saeftinge \u00e9tait une drague suceuse porteuse, qui \u00e9tait d\u00e9ploy\u00e9e le long des zones c\u00f4ti\u00e8res des Pays-Bas et de la Belgique.<\/p>\n<p>En raison de l&rsquo;augmentation du nombre de clients internationaux disposant de zones de concession en dehors des Pays-Bas, la compagnie maritime a d\u00e9cid\u00e9 il y a quelques ann\u00e9es de vendre la Saeftinge, afin de pouvoir d\u00e9velopper le Spauwer et construire une drague suceuse \u00e0 tr\u00e9mie tra\u00eenante avec une profondeur et une capacit\u00e9 d&rsquo;aspiration plus importantes.<\/p>\n<p>Le Spauwer est op\u00e9rationnel depuis mai 2017.<\/p>\n\t\t\t\t\t\t\t\t<\/div>\n\t\t\t\t<\/div>\n\t\t\t\t\t<\/div>\n\t\t<\/div>\n\t\t\t\t\t<\/div>\n\t\t<\/section>\n\t\t\t\t<\/div>\n\t\t","protected":false},"excerpt":{"rendered":"<p>DHSEAWORKS HISTOIRE Un morceau de notre pass\u00e9 Notre histoire L&rsquo;entreprise familiale a \u00e9t\u00e9 fond\u00e9e au d\u00e9but des ann\u00e9es 70 par M. A. den Helder sr. et s&rsquo;est d&rsquo;abord concentr\u00e9e sur l&rsquo;extraction de sable dans les eaux int\u00e9rieures n\u00e9erlandaises. Dans les ann\u00e9es 80, ils sont pass\u00e9s \u00e0 l&rsquo;extraction de granulats marins en mer. Den Helder Seaworks [&hellip;]<\/p>\n","protected":false},"author":1,"featured_media":0,"parent":0,"menu_order":0,"comment_status":"closed","ping_status":"closed","template":"","meta":{"site-sidebar-layout":"default","site-content-layout":"page-builder","ast-site-content-layout":"default","site-content-style":"default","site-sidebar-style":"default","ast-global-header-display":"","ast-banner-title-visibility":"","ast-main-header-display":"","ast-hfb-above-header-display":"","ast-hfb-below-header-display":"","ast-hfb-mobile-header-display":"","site-post-title":"disabled","ast-breadcrumbs-content":"","ast-featured-img":"","footer-sml-layout":"","ast-disable-related-posts":"","theme-transparent-header-meta":"default","adv-header-id-meta":"","stick-header-meta":"","header-above-stick-meta":"","header-main-stick-meta":"","header-below-stick-meta":"","astra-migrate-meta-layouts":"default","ast-page-background-enabled":"default","ast-page-background-meta":{"desktop":{"background-color":"","background-image":"","background-repeat":"repeat","background-position":"center center","background-size":"auto","background-attachment":"scroll","background-type":"","background-media":"","overlay-type":"","overlay-color":"","overlay-opacity":"","overlay-gradient":""},"tablet":{"background-color":"","background-image":"","background-repeat":"repeat","background-position":"center center","background-size":"auto","background-attachment":"scroll","background-type":"","background-media":"","overlay-type":"","overlay-color":"","overlay-opacity":"","overlay-gradient":""},"mobile":{"background-color":"","background-image":"","background-repeat":"repeat","background-position":"center center","background-size":"auto","background-attachment":"scroll","background-type":"","background-media":"","overlay-type":"","overlay-color":"","overlay-opacity":"","overlay-gradient":""}},"ast-content-background-meta":{"desktop":{"background-color":"var(--ast-global-color-5)","background-image":"","background-repeat":"repeat","background-position":"center center","background-size":"auto","background-attachment":"scroll","background-type":"","background-media":"","overlay-type":"","overlay-color":"","overlay-opacity":"","overlay-gradient":""},"tablet":{"background-color":"var(--ast-global-color-5)","background-image":"","background-repeat":"repeat","background-position":"center center","background-size":"auto","background-attachment":"scroll","background-type":"","background-media":"","overlay-type":"","overlay-color":"","overlay-opacity":"","overlay-gradient":""},"mobile":{"background-color":"var(--ast-global-color-5)","background-image":"","background-repeat":"repeat","background-position":"center center","background-size":"auto","background-attachment":"scroll","background-type":"","background-media":"","overlay-type":"","overlay-color":"","overlay-opacity":"","overlay-gradient":""}},"footnotes":""},"class_list":["post-702","page","type-page","status-publish","hentry"],"yoast_head":"<!-- This site is optimized with the Yoast SEO plugin v27.3 - https:\/\/yoast.com\/product\/yoast-seo-wordpress\/ -->\n<title>HISTOIRE - Dhseaworks.com<\/title>\n<meta name=\"robots\" content=\"index, follow, max-snippet:-1, max-image-preview:large, max-video-preview:-1\" \/>\n<link rel=\"canonical\" href=\"https:\/\/dhseaworks.com\/fr\/histoire\/\" \/>\n<meta property=\"og:locale\" content=\"fr_FR\" \/>\n<meta property=\"og:type\" content=\"article\" \/>\n<meta property=\"og:title\" content=\"HISTOIRE - Dhseaworks.com\" \/>\n<meta property=\"og:description\" content=\"DHSEAWORKS HISTOIRE Un morceau de notre pass\u00e9 Notre histoire L&rsquo;entreprise familiale a \u00e9t\u00e9 fond\u00e9e au d\u00e9but des ann\u00e9es 70 par M. A. den Helder sr. et s&rsquo;est d&rsquo;abord concentr\u00e9e sur l&rsquo;extraction de sable dans les eaux int\u00e9rieures n\u00e9erlandaises. Dans les ann\u00e9es 80, ils sont pass\u00e9s \u00e0 l&rsquo;extraction de granulats marins en mer. Den Helder Seaworks [&hellip;]\" \/>\n<meta property=\"og:url\" content=\"https:\/\/dhseaworks.com\/fr\/histoire\/\" \/>\n<meta property=\"og:site_name\" content=\"Dhseaworks.com\" \/>\n<meta property=\"article:modified_time\" content=\"2020-04-18T09:25:52+00:00\" \/>\n<meta property=\"og:image\" content=\"https:\/\/dhseaworks.nl\/wp-content\/uploads\/2019\/12\/historie1.jpg\" \/>\n<meta name=\"twitter:card\" content=\"summary_large_image\" \/>\n<meta name=\"twitter:label1\" content=\"Dur\u00e9e de lecture estim\u00e9e\" \/>\n\t<meta name=\"twitter:data1\" content=\"1 minute\" \/>\n<script type=\"application\/ld+json\" class=\"yoast-schema-graph\">{\"@context\":\"https:\\\/\\\/schema.org\",\"@graph\":[{\"@type\":\"WebPage\",\"@id\":\"https:\\\/\\\/dhseaworks.com\\\/fr\\\/histoire\\\/\",\"url\":\"https:\\\/\\\/dhseaworks.com\\\/fr\\\/histoire\\\/\",\"name\":\"HISTOIRE - Dhseaworks.com\",\"isPartOf\":{\"@id\":\"https:\\\/\\\/dhseaworks.com\\\/#website\"},\"primaryImageOfPage\":{\"@id\":\"https:\\\/\\\/dhseaworks.com\\\/fr\\\/histoire\\\/#primaryimage\"},\"image\":{\"@id\":\"https:\\\/\\\/dhseaworks.com\\\/fr\\\/histoire\\\/#primaryimage\"},\"thumbnailUrl\":\"https:\\\/\\\/dhseaworks.nl\\\/wp-content\\\/uploads\\\/2019\\\/12\\\/historie1.jpg\",\"datePublished\":\"2020-04-02T03:37:58+00:00\",\"dateModified\":\"2020-04-18T09:25:52+00:00\",\"breadcrumb\":{\"@id\":\"https:\\\/\\\/dhseaworks.com\\\/fr\\\/histoire\\\/#breadcrumb\"},\"inLanguage\":\"fr-FR\",\"potentialAction\":[{\"@type\":\"ReadAction\",\"target\":[\"https:\\\/\\\/dhseaworks.com\\\/fr\\\/histoire\\\/\"]}]},{\"@type\":\"ImageObject\",\"inLanguage\":\"fr-FR\",\"@id\":\"https:\\\/\\\/dhseaworks.com\\\/fr\\\/histoire\\\/#primaryimage\",\"url\":\"https:\\\/\\\/dhseaworks.nl\\\/wp-content\\\/uploads\\\/2019\\\/12\\\/historie1.jpg\",\"contentUrl\":\"https:\\\/\\\/dhseaworks.nl\\\/wp-content\\\/uploads\\\/2019\\\/12\\\/historie1.jpg\"},{\"@type\":\"BreadcrumbList\",\"@id\":\"https:\\\/\\\/dhseaworks.com\\\/fr\\\/histoire\\\/#breadcrumb\",\"itemListElement\":[{\"@type\":\"ListItem\",\"position\":1,\"name\":\"Home\",\"item\":\"https:\\\/\\\/dhseaworks.com\\\/fr\\\/accueil\\\/\"},{\"@type\":\"ListItem\",\"position\":2,\"name\":\"HISTOIRE\"}]},{\"@type\":\"WebSite\",\"@id\":\"https:\\\/\\\/dhseaworks.com\\\/#website\",\"url\":\"https:\\\/\\\/dhseaworks.com\\\/\",\"name\":\"Dhseaworks.com\",\"description\":\"\",\"publisher\":{\"@id\":\"https:\\\/\\\/dhseaworks.com\\\/#organization\"},\"potentialAction\":[{\"@type\":\"SearchAction\",\"target\":{\"@type\":\"EntryPoint\",\"urlTemplate\":\"https:\\\/\\\/dhseaworks.com\\\/?s={search_term_string}\"},\"query-input\":{\"@type\":\"PropertyValueSpecification\",\"valueRequired\":true,\"valueName\":\"search_term_string\"}}],\"inLanguage\":\"fr-FR\"},{\"@type\":\"Organization\",\"@id\":\"https:\\\/\\\/dhseaworks.com\\\/#organization\",\"name\":\"Dhseaworks.com\",\"url\":\"https:\\\/\\\/dhseaworks.com\\\/\",\"logo\":{\"@type\":\"ImageObject\",\"inLanguage\":\"fr-FR\",\"@id\":\"https:\\\/\\\/dhseaworks.com\\\/#\\\/schema\\\/logo\\\/image\\\/\",\"url\":\"https:\\\/\\\/dhseaworks.com\\\/wp-content\\\/uploads\\\/2019\\\/11\\\/logo.png\",\"contentUrl\":\"https:\\\/\\\/dhseaworks.com\\\/wp-content\\\/uploads\\\/2019\\\/11\\\/logo.png\",\"width\":374,\"height\":95,\"caption\":\"Dhseaworks.com\"},\"image\":{\"@id\":\"https:\\\/\\\/dhseaworks.com\\\/#\\\/schema\\\/logo\\\/image\\\/\"}}]}<\/script>\n<!-- \/ Yoast SEO plugin. -->","yoast_head_json":{"title":"HISTOIRE - Dhseaworks.com","robots":{"index":"index","follow":"follow","max-snippet":"max-snippet:-1","max-image-preview":"max-image-preview:large","max-video-preview":"max-video-preview:-1"},"canonical":"https:\/\/dhseaworks.com\/fr\/histoire\/","og_locale":"fr_FR","og_type":"article","og_title":"HISTOIRE - Dhseaworks.com","og_description":"DHSEAWORKS HISTOIRE Un morceau de notre pass\u00e9 Notre histoire L&rsquo;entreprise familiale a \u00e9t\u00e9 fond\u00e9e au d\u00e9but des ann\u00e9es 70 par M. A. den Helder sr. et s&rsquo;est d&rsquo;abord concentr\u00e9e sur l&rsquo;extraction de sable dans les eaux int\u00e9rieures n\u00e9erlandaises. Dans les ann\u00e9es 80, ils sont pass\u00e9s \u00e0 l&rsquo;extraction de granulats marins en mer. Den Helder Seaworks [&hellip;]","og_url":"https:\/\/dhseaworks.com\/fr\/histoire\/","og_site_name":"Dhseaworks.com","article_modified_time":"2020-04-18T09:25:52+00:00","og_image":[{"url":"https:\/\/dhseaworks.nl\/wp-content\/uploads\/2019\/12\/historie1.jpg","type":"","width":"","height":""}],"twitter_card":"summary_large_image","twitter_misc":{"Dur\u00e9e de lecture estim\u00e9e":"1 minute"},"schema":{"@context":"https:\/\/schema.org","@graph":[{"@type":"WebPage","@id":"https:\/\/dhseaworks.com\/fr\/histoire\/","url":"https:\/\/dhseaworks.com\/fr\/histoire\/","name":"HISTOIRE - Dhseaworks.com","isPartOf":{"@id":"https:\/\/dhseaworks.com\/#website"},"primaryImageOfPage":{"@id":"https:\/\/dhseaworks.com\/fr\/histoire\/#primaryimage"},"image":{"@id":"https:\/\/dhseaworks.com\/fr\/histoire\/#primaryimage"},"thumbnailUrl":"https:\/\/dhseaworks.nl\/wp-content\/uploads\/2019\/12\/historie1.jpg","datePublished":"2020-04-02T03:37:58+00:00","dateModified":"2020-04-18T09:25:52+00:00","breadcrumb":{"@id":"https:\/\/dhseaworks.com\/fr\/histoire\/#breadcrumb"},"inLanguage":"fr-FR","potentialAction":[{"@type":"ReadAction","target":["https:\/\/dhseaworks.com\/fr\/histoire\/"]}]},{"@type":"ImageObject","inLanguage":"fr-FR","@id":"https:\/\/dhseaworks.com\/fr\/histoire\/#primaryimage","url":"https:\/\/dhseaworks.nl\/wp-content\/uploads\/2019\/12\/historie1.jpg","contentUrl":"https:\/\/dhseaworks.nl\/wp-content\/uploads\/2019\/12\/historie1.jpg"},{"@type":"BreadcrumbList","@id":"https:\/\/dhseaworks.com\/fr\/histoire\/#breadcrumb","itemListElement":[{"@type":"ListItem","position":1,"name":"Home","item":"https:\/\/dhseaworks.com\/fr\/accueil\/"},{"@type":"ListItem","position":2,"name":"HISTOIRE"}]},{"@type":"WebSite","@id":"https:\/\/dhseaworks.com\/#website","url":"https:\/\/dhseaworks.com\/","name":"Dhseaworks.com","description":"","publisher":{"@id":"https:\/\/dhseaworks.com\/#organization"},"potentialAction":[{"@type":"SearchAction","target":{"@type":"EntryPoint","urlTemplate":"https:\/\/dhseaworks.com\/?s={search_term_string}"},"query-input":{"@type":"PropertyValueSpecification","valueRequired":true,"valueName":"search_term_string"}}],"inLanguage":"fr-FR"},{"@type":"Organization","@id":"https:\/\/dhseaworks.com\/#organization","name":"Dhseaworks.com","url":"https:\/\/dhseaworks.com\/","logo":{"@type":"ImageObject","inLanguage":"fr-FR","@id":"https:\/\/dhseaworks.com\/#\/schema\/logo\/image\/","url":"https:\/\/dhseaworks.com\/wp-content\/uploads\/2019\/11\/logo.png","contentUrl":"https:\/\/dhseaworks.com\/wp-content\/uploads\/2019\/11\/logo.png","width":374,"height":95,"caption":"Dhseaworks.com"},"image":{"@id":"https:\/\/dhseaworks.com\/#\/schema\/logo\/image\/"}}]}},"_links":{"self":[{"href":"https:\/\/dhseaworks.com\/fr\/wp-json\/wp\/v2\/pages\/702","targetHints":{"allow":["GET"]}}],"collection":[{"href":"https:\/\/dhseaworks.com\/fr\/wp-json\/wp\/v2\/pages"}],"about":[{"href":"https:\/\/dhseaworks.com\/fr\/wp-json\/wp\/v2\/types\/page"}],"author":[{"embeddable":true,"href":"https:\/\/dhseaworks.com\/fr\/wp-json\/wp\/v2\/users\/1"}],"replies":[{"embeddable":true,"href":"https:\/\/dhseaworks.com\/fr\/wp-json\/wp\/v2\/comments?post=702"}],"version-history":[{"count":5,"href":"https:\/\/dhseaworks.com\/fr\/wp-json\/wp\/v2\/pages\/702\/revisions"}],"predecessor-version":[{"id":1080,"href":"https:\/\/dhseaworks.com\/fr\/wp-json\/wp\/v2\/pages\/702\/revisions\/1080"}],"wp:attachment":[{"href":"https:\/\/dhseaworks.com\/fr\/wp-json\/wp\/v2\/media?parent=702"}],"curies":[{"name":"wp","href":"https:\/\/api.w.org\/{rel}","templated":true}]}}